{"id":94,"date":"2023-11-15T14:30:22","date_gmt":"2023-11-15T14:30:22","guid":{"rendered":"https:\/\/sailandscience.pl\/?post_type=product&#038;p=94"},"modified":"2025-05-17T20:07:00","modified_gmt":"2025-05-17T20:07:00","slug":"wiatromierz-calypso-mini","status":"publish","type":"product","link":"https:\/\/sailandscience.pl\/index.php\/produkt\/wiatromierz-calypso-mini\/","title":{"rendered":"Wiatromierz Calypso Mini"},"content":{"rendered":"<p><strong>Miniaturowy, bezprzewodowy (Bluetooth), zasilany bateri\u0105, ultrad\u017awi\u0119kowy wiatromierz.<\/strong><\/p>\n<p>Wiatromierz ultrad\u017awi\u0119kowy, bez ruchomych element\u00f3w, wytrzyma\u0142y i niezawodny. Calypso Mini mierzy kierunek i si\u0142\u0119 wiatru, udost\u0119pniaj\u0105c dane do darmowej aplikacji na telefon lub dodatkowego urz\u0105dzenia (np. <a href=\"https:\/\/sailandscience.pl\/index.php\/produkt\/vakaros-atlas-2\/\">Vakaros &#8211; Atlas 2<\/a>, Sailmon).<\/p>\n<p>Maj\u0105cy tylko 43 mm \u015brednicy Calypso Mini jest idealnym rozwi\u0105zaniem do zastosowania jako r\u0119czny wiatromierz. Mo\u017ce by\u0107 r\u00f3wnie\u017c wykorzystany jako samodzielna stacja wiatrowa.<\/p>\n<p>&nbsp;<\/p>\n<p><strong>\u0141atwe mocowanie.<\/strong><\/p>\n<p>Wiatromierz Calypso Mini ma \u017ce\u0144ski gwint 1\/4&#8243;, dzi\u0119ki czemu mo\u017ce by\u0107 zamontowany na niemal ka\u017cdym statywie.<\/p>\n<p>&nbsp;<\/p>\n<p><strong>Bezprzewodowy i i \u0142adowany indukcyjnie.<\/strong><\/p>\n<p>Calypso Mini jest \u0142adowany za pomoc\u0105 \u0142adowarki indukcyjnej (w zestawie). W pe\u0142ni na\u0142adowany wiatromierz pozwala na 150 godzin ci\u0105g\u0142ej pracy.<\/p>\n<p>Urz\u0105dzenie mo\u017cesz pod\u0142\u0105czy\u0107 bezpo\u015brednio do aplikacji w telefonie i odczytywa\u0107 dane w czasie rzeczywistym i zapisywa\u0107 je do p\u00f3\u017aniejszej analizy. Kompatybilne aplikacje na telefon: Anemotracker, Marine Weather 4D, Sentinel Marine Solutions, iRegatta, eStela, Sail Racer, EDO Sailing Instruments, Sailgrib, Garmin Connect IQ.<\/p>\n<p>&nbsp;<\/p>\n<p><strong>Specyfikacja techniczna:<\/strong><\/p>\n<p><strong>Wymiary:\u00a0<\/strong><\/p>\n<p>\u015brednica: 43 mm<\/p>\n<p>wysoko\u015b\u0107: 47 mm<\/p>\n<p>waga: 78 g<\/p>\n<p>Pr\u0119dko\u015b\u0107 wiatru:<\/p>\n<p>zakres: 1-25 m\/s<\/p>\n<p>dok\u0142adno\u015b\u0107: 0,3 m\/s przy 10 m\/s<\/p>\n<p><strong>Kierunek wiatru:<\/strong><\/p>\n<p>zakres: 0-359\u00ba<\/p>\n<p>dok\u0142adno\u015b\u0107: \u00b11\u00ba<\/p>\n<p><strong>Informacje o wietrze:\u00a0<\/strong>Kierunek i si\u0142a wiatru pozornego i rzeczywistego dost\u0119pne w aplikacji lub urz\u0105dzeniu zewn\u0119trznym.<\/p>\n<p><strong>Cz\u0119stotliwo\u015b\u0107 pomiaru:\u00a0<\/strong>1 Hz<\/p>\n<p><strong>Zasilanie:\u00a0<\/strong>Wewn\u0119trzna bateria, bezprzewodowe \u0142adowanie. Do 150 godzin ci\u0105g\u0142ej pracy.<\/p>\n<p><strong>Dane wyj\u015bciowe:\u00a0<\/strong>Bluetooth 5.1. NMEA 2000 przy u\u017cyciu NCP<\/p>\n<p><strong>Zasi\u0119g Bluetooth:\u00a0<\/strong>do 30 m<\/p>\n<p><strong>Firmware:<\/strong>\u00a0do uaktualniania przez Bluetooth<\/p>\n<p><strong>Klasa wodoodporno\u015bci: IPX8<\/strong><\/p>\n<p><strong>Mocowanie:<\/strong> \u017ce\u0144ski gwint 1\/4&#8243;, kompatybilny ze wszystkimi statywami.<\/p>\n<p><strong>Kompatybilno\u015b\u0107:\u00a0<\/strong>urz\u0105dzenia Android i IOS, zegarki Garmin, Vakaros- Atlas 2, Sailmon<\/p>\n<p>&nbsp;<\/p>\n<p><a href=\"http:\/\/sailandscience.pl\/wp-content\/uploads\/2023\/11\/Ultrasonic-Portable_Mini_User-manual_EN_V.1.1.pdf\">Maual EN<\/a><\/p>\n<p><a href=\"http:\/\/sailandscience.pl\/wp-content\/uploads\/2023\/11\/23_EN_UltrasonicPortableMini_DataSheet.pdf\">DataSheet EN<\/a><\/p>\n","protected":false},"excerpt":{"rendered":"<p><strong>Miniaturowy, bezprzewodowy (Bluetooth), zasilany bateri\u0105, ultrad\u017awi\u0119kowy wiatromierz.<\/strong><\/p>\n<p>Wiatromierz ultrad\u017awi\u0119kowy, bez ruchomych element\u00f3w, wytrzyma\u0142y i niezawodny. Calypso Mini mierzy kierunek i si\u0142\u0119 wiatru, udost\u0119pniaj\u0105c dane do darmowej aplikacji na telefon lub dodatkowego urz\u0105dzenia (np. <a href=\"https:\/\/sailandscience.pl\/index.php\/produkt\/vakaros-atlas-2\/\">Vakaros &#8211; Atlas 2<\/a>, Sailmon).<\/p>\n<p>Maj\u0105cy tylko 43 mm \u015brednicy Calypso Mini jest idealnym rozwi\u0105zaniem do zastosowania jako r\u0119czny wiatromierz. Mo\u017ce by\u0107 r\u00f3wnie\u017c wykorzystany jako samodzielna stacja wiatrowa.<\/p>\n","protected":false},"featured_media":95,"comment_status":"open","ping_status":"closed","template":"","meta":{"_monsterinsights_skip_tracking":false,"_monsterinsights_sitenote_active":false,"_monsterinsights_sitenote_note":"","_monsterinsights_sitenote_category":0,"_uf_show_specific_survey":0,"_uf_disable_surveys":false},"product_cat":[16,20],"product_tag":[51,52],"class_list":{"0":"post-94","1":"product","2":"type-product","3":"status-publish","4":"has-post-thumbnail","6":"product_cat-wszystkie","7":"product_cat-wiatromierze-calypso","8":"product_tag-calypso","9":"product_tag-wiatromierz","11":"first","12":"instock","13":"shipping-taxable","14":"purchasable","15":"product-type-simple"},"aioseo_notices":[],"jetpack_sharing_enabled":true,"_links":{"self":[{"href":"https:\/\/sailandscience.pl\/index.php\/wp-json\/wp\/v2\/product\/94","targetHints":{"allow":["GET"]}}],"collection":[{"href":"https:\/\/sailandscience.pl\/index.php\/wp-json\/wp\/v2\/product"}],"about":[{"href":"https:\/\/sailandscience.pl\/index.php\/wp-json\/wp\/v2\/types\/product"}],"replies":[{"embeddable":true,"href":"https:\/\/sailandscience.pl\/index.php\/wp-json\/wp\/v2\/comments?post=94"}],"wp:featuredmedia":[{"embeddable":true,"href":"https:\/\/sailandscience.pl\/index.php\/wp-json\/wp\/v2\/media\/95"}],"wp:attachment":[{"href":"https:\/\/sailandscience.pl\/index.php\/wp-json\/wp\/v2\/media?parent=94"}],"wp:term":[{"taxonomy":"product_cat","embeddable":true,"href":"https:\/\/sailandscience.pl\/index.php\/wp-json\/wp\/v2\/product_cat?post=94"},{"taxonomy":"product_tag","embeddable":true,"href":"https:\/\/sailandscience.pl\/index.php\/wp-json\/wp\/v2\/product_tag?post=94"}],"curies":[{"name":"wp","href":"https:\/\/api.w.org\/{rel}","templated":true}]}}