{"id":866,"date":"2024-06-15T21:04:25","date_gmt":"2024-06-15T21:04:25","guid":{"rendered":"https:\/\/sailandscience.pl\/?post_type=product&#038;p=866"},"modified":"2024-06-15T21:11:45","modified_gmt":"2024-06-15T21:11:45","slug":"3ds-neo-top-women","status":"publish","type":"product","link":"https:\/\/sailandscience.pl\/index.php\/produkt\/3ds-neo-top-women\/","title":{"rendered":"3DS Neo Top Women"},"content":{"rendered":"<p>Top na zimne dni na wodzie. Wykonany z rozci\u0105gliwego neoprenu o grubo\u015bci 2,5 mm. Kr\u00f3j specjalnie przystosowany do kobiecych kszta\u0142t\u00f3w.\u00a0 Przyjemne w dotyku i szybkoschn\u0105ce wn\u0119trze, zapewni komfort podczas sesji w ch\u0142odne dni. Specjalne paski z gumy zapobiegaj\u0105 podwijaniu si\u0119 topa przy poruszaniu si\u0119.<\/p>\n<p><iframe loading=\"lazy\" title=\"Neo Long John 3mm + 3DS Neo Top 3mm | WIP\" width=\"1140\" height=\"641\" src=\"https:\/\/www.youtube.com\/embed\/9ZuWh99iYxg?feature=oembed\" frameborder=\"0\" allow=\"accelerometer; autoplay; clipboard-write; encrypted-media; gyroscope; picture-in-picture; web-share\" referrerpolicy=\"strict-origin-when-cross-origin\" allowfullscreen><\/iframe><\/p>\n","protected":false},"excerpt":{"rendered":"<p>Top na zimne dni na wodzie. Wykonany z rozci\u0105gliwego neoprenu o grubo\u015bci 2,5 mm. Kr\u00f3j specjalnie przystosowany do kobiecych kszta\u0142t\u00f3w.\u00a0 Przyjemne w dotyku i szybkoschn\u0105ce wn\u0119trze, zapewni komfort podczas sesji w ch\u0142odne dni. Specjalne paski z gumy zapobiegaj\u0105 podwijaniu si\u0119 topa przy poruszaniu si\u0119.<\/p>\n","protected":false},"featured_media":870,"comment_status":"open","ping_status":"closed","template":"","meta":{"_monsterinsights_skip_tracking":false,"_monsterinsights_sitenote_active":false,"_monsterinsights_sitenote_note":"","_monsterinsights_sitenote_category":0,"_uf_show_specific_survey":0,"_uf_disable_surveys":false},"product_cat":[16,22,28],"product_tag":[63,94],"class_list":{"0":"post-866","1":"product","2":"type-product","3":"status-publish","4":"has-post-thumbnail","6":"product_cat-wszystkie","7":"product_cat-forward-wip","8":"product_cat-topy","9":"product_tag-forward-wip","10":"product_tag-top","12":"first","13":"instock","14":"sale","15":"shipping-taxable","16":"purchasable","17":"product-type-variable"},"aioseo_notices":[],"jetpack_sharing_enabled":true,"_links":{"self":[{"href":"https:\/\/sailandscience.pl\/index.php\/wp-json\/wp\/v2\/product\/866","targetHints":{"allow":["GET"]}}],"collection":[{"href":"https:\/\/sailandscience.pl\/index.php\/wp-json\/wp\/v2\/product"}],"about":[{"href":"https:\/\/sailandscience.pl\/index.php\/wp-json\/wp\/v2\/types\/product"}],"replies":[{"embeddable":true,"href":"https:\/\/sailandscience.pl\/index.php\/wp-json\/wp\/v2\/comments?post=866"}],"wp:featuredmedia":[{"embeddable":true,"href":"https:\/\/sailandscience.pl\/index.php\/wp-json\/wp\/v2\/media\/870"}],"wp:attachment":[{"href":"https:\/\/sailandscience.pl\/index.php\/wp-json\/wp\/v2\/media?parent=866"}],"wp:term":[{"taxonomy":"product_cat","embeddable":true,"href":"https:\/\/sailandscience.pl\/index.php\/wp-json\/wp\/v2\/product_cat?post=866"},{"taxonomy":"product_tag","embeddable":true,"href":"https:\/\/sailandscience.pl\/index.php\/wp-json\/wp\/v2\/product_tag?post=866"}],"curies":[{"name":"wp","href":"https:\/\/api.w.org\/{rel}","templated":true}]}}