{"id":82,"date":"2023-11-15T13:33:10","date_gmt":"2023-11-15T13:33:10","guid":{"rendered":"https:\/\/sailandscience.pl\/?post_type=product&#038;p=82"},"modified":"2025-03-21T11:26:55","modified_gmt":"2025-03-21T11:26:55","slug":"wiatromierz-calypso-solar","status":"publish","type":"product","link":"https:\/\/sailandscience.pl\/index.php\/produkt\/wiatromierz-calypso-solar\/","title":{"rendered":"Wiatromierz Calypso Solar"},"content":{"rendered":"<p><strong>Bezprzewodowy, kieszonkowy, zasilany energi\u0105 s\u0142oneczn\u0105 wiatromierz ultrad\u017awi\u0119kowy.<\/strong><\/p>\n<p>Ma\u0142y i wytrzyma\u0142y zapewnia natychmiastowy odczyt pr\u0119dko\u015bci i kierunku wiatru. Umo\u017cliwia r\u00f3wnie\u017c zapis danych do p\u00f3\u017aniejszej analizy zamian. Zastosowane zosta\u0142y w nim czujniki ultrad\u017awi\u0119kowe, dzi\u0119ki czemu nie ma ruchomych cz\u0119\u015bci co czyni go bardziej niezawodnym i odpornym na warunki pogodowe i inne czynniki (np. ptaki). Bez \u017cadnego problemu mo\u017cna go schowa\u0107 do kieszeni bez obaw o uszkodzenie. Wiatromierz rejestruje kierunek i si\u0142\u0119 wiatru, kt\u00f3re mo\u017cna odczyta\u0107 przy u\u017cyciu darmowej aplikacji na telefon, lub kompatybilnych urz\u0105dze\u0144 (np. <a href=\"https:\/\/sailandscience.pl\/index.php\/produkt\/vakaros-atlas-2\/\">Vakaros- Atlas 2<\/a>, Sailmon). Dzi\u0119ki swoim rozmiarom Calypso Solar mo\u017ce by\u0107 u\u017cywany jako urz\u0105dzenie przeno\u015bne, jak i samodzielny wiatromierz, co czyni go wszechstronnym rozwi\u0105zaniem dla wielu zastosowa\u0144.<\/p>\n<p>&nbsp;<\/p>\n<p><strong>\u0141atwy w monta\u017cu i u\u017cyciu.<\/strong><\/p>\n<p>Wystarczy go wyj\u0105\u0107 z opakowania, przymocowa\u0107 do jednego z akcesori\u00f3w monta\u017cowych, pobra\u0107 aplikacj\u0119&#8230; i gotowe! Jego prostota zach\u0119ca wielu u\u017cytkownik\u00f3w do wykorzystania wiatromierza do nowych i nieoczywistych rozwi\u0105za\u0144- od \u017ceglarstwa, przez golfa i inne sporty, stacje pogodowe po wykorzystanie balistyczne.<\/p>\n<p>&nbsp;<\/p>\n<p><strong>Zero kabli.<\/strong><\/p>\n<p>Wiatromierz jest bezprzewodowy i zasilany autonomicznie. Zainstalowane ogniwo s\u0142oneczne pozwala na jego bezobs\u0142ugowe u\u017cytkowanie. Wewn\u0119trzna bateria zapewnia nawet 30 dni ci\u0105g\u0142ej pracy w ciemno\u015bci.<\/p>\n<p>&nbsp;<\/p>\n<p><strong>Specyfikacja techniczna:<\/strong><\/p>\n<p><strong>Wymiary: <\/strong><\/p>\n<p>\u015brednica: 70 mm<\/p>\n<p>wysoko\u015b\u0107: 57 mm<\/p>\n<p>waga: 145 g<\/p>\n<p><strong>Pr\u0119dko\u015b\u0107 wiatru:<\/strong><\/p>\n<p>zakres: 1-25 m\/s<\/p>\n<p>dok\u0142adno\u015b\u0107: \u00b10,1 m\/s przy 10 m\/s<\/p>\n<p><strong>Kierunek wiatru:<\/strong><\/p>\n<p>zakres: 0-359\u00ba<\/p>\n<p>dok\u0142adno\u015b\u0107: \u00b11\u00ba<\/p>\n<p><strong>Informacje o wietrze: <\/strong>Kierunek i si\u0142a wiatru pozornego i rzeczywistego dost\u0119pne w aplikacji lub urz\u0105dzeniu zewn\u0119trznym.<\/p>\n<p><strong>Cz\u0119stotliwo\u015b\u0107 pomiaru: <\/strong>1 Hz<\/p>\n<p><strong>Zasilanie: <\/strong>Ogniwo fotowoltaiczne + wewn\u0119trzna bateria, automatyczne zarz\u0105dzanie energi\u0105.\u00a0 Do 30 dni pracy w ciemno\u015bci.<\/p>\n<p><strong>Dane wyj\u015bciowe: <\/strong>Bluetooth 5.1. NMEA 2000 przy u\u017cyciu NCP<\/p>\n<p><strong>Zasi\u0119g Bluetooth: <\/strong>do 30 m<\/p>\n<p><strong>Firmware:<\/strong> do uaktualniania przez Bluetooth<\/p>\n<p><strong>Klasa wodoodporno\u015bci: IPX8<\/strong><\/p>\n<p><strong>Mocowanie:<\/strong> \u017ce\u0144ski gwint M16 x 2 w urz\u0105dzeniu<\/p>\n<p><strong>Kompatybilno\u015b\u0107: <\/strong>urz\u0105dzenia Android i IOS, zegarki Garmin, Vakaros- Atlas 2, Sailmon<\/p>\n<p>&nbsp;<\/p>\n<p><a href=\"http:\/\/sailandscience.pl\/wp-content\/uploads\/2023\/11\/23_EN_ULTRASONIC_PORTABLE_SOLAR_Instruction_Manual.pdf\">Manual EN<\/a><\/p>\n<p><a href=\"http:\/\/sailandscience.pl\/wp-content\/uploads\/2023\/11\/2023_EN_Datasheet_UltrasonicPortableSolar.pdf\">Datasheet EN<\/a><\/p>\n","protected":false},"excerpt":{"rendered":"<p><strong>Bezprzewodowy, kieszonkowy, zasilany energi\u0105 s\u0142oneczn\u0105 wiatromierz ultrad\u017awi\u0119kowy.<\/strong><\/p>\n<p>Ma\u0142y i wytrzyma\u0142y zapewnia natychmiastowy odczyt pr\u0119dko\u015bci i kierunku wiatru. Umo\u017cliwia r\u00f3wnie\u017c zapis danych do p\u00f3\u017aniejszej analizy zamian. Zastosowane zosta\u0142y w nim czujniki ultrad\u017awi\u0119kowe, dzi\u0119ki czemu nie ma ruchomych cz\u0119\u015bci co czyni go bardziej niezawodnym i odpornym na warunki pogodowe i inne czynniki (np. ptaki). Bez \u017cadnego problemu mo\u017cna go schowa\u0107 do kieszeni bez obaw o uszkodzenie. Wiatromierz rejestruje kierunek i si\u0142\u0119 wiatru, kt\u00f3re mo\u017cna odczyta\u0107 przy u\u017cyciu darmowej aplikacji na telefon, lub kompatybilnych urz\u0105dze\u0144 (np. <a href=\"https:\/\/sailandscience.pl\/index.php\/produkt\/vakaros-atlas-2\/\">Vakaros- Atlas 2<\/a>, Sailmon). Dzi\u0119ki swoim rozmiarom Calypso Solar mo\u017ce by\u0107 u\u017cywany jako urz\u0105dzenie przeno\u015bne, jak i samodzielny wiatromierz, co czyni go wszechstronnym rozwi\u0105zaniem dla wielu zastosowa\u0144.<\/p>\n","protected":false},"featured_media":83,"comment_status":"open","ping_status":"closed","template":"","meta":{"_monsterinsights_skip_tracking":false,"_monsterinsights_sitenote_active":false,"_monsterinsights_sitenote_note":"","_monsterinsights_sitenote_category":0,"_uf_show_specific_survey":0,"_uf_disable_surveys":false},"product_cat":[16,20],"product_tag":[51,52],"class_list":{"0":"post-82","1":"product","2":"type-product","3":"status-publish","4":"has-post-thumbnail","6":"product_cat-wszystkie","7":"product_cat-wiatromierze-calypso","8":"product_tag-calypso","9":"product_tag-wiatromierz","11":"first","12":"onbackorder","13":"shipping-taxable","14":"purchasable","15":"product-type-simple"},"aioseo_notices":[],"jetpack_sharing_enabled":true,"_links":{"self":[{"href":"https:\/\/sailandscience.pl\/index.php\/wp-json\/wp\/v2\/product\/82","targetHints":{"allow":["GET"]}}],"collection":[{"href":"https:\/\/sailandscience.pl\/index.php\/wp-json\/wp\/v2\/product"}],"about":[{"href":"https:\/\/sailandscience.pl\/index.php\/wp-json\/wp\/v2\/types\/product"}],"replies":[{"embeddable":true,"href":"https:\/\/sailandscience.pl\/index.php\/wp-json\/wp\/v2\/comments?post=82"}],"wp:featuredmedia":[{"embeddable":true,"href":"https:\/\/sailandscience.pl\/index.php\/wp-json\/wp\/v2\/media\/83"}],"wp:attachment":[{"href":"https:\/\/sailandscience.pl\/index.php\/wp-json\/wp\/v2\/media?parent=82"}],"wp:term":[{"taxonomy":"product_cat","embeddable":true,"href":"https:\/\/sailandscience.pl\/index.php\/wp-json\/wp\/v2\/product_cat?post=82"},{"taxonomy":"product_tag","embeddable":true,"href":"https:\/\/sailandscience.pl\/index.php\/wp-json\/wp\/v2\/product_tag?post=82"}],"curies":[{"name":"wp","href":"https:\/\/api.w.org\/{rel}","templated":true}]}}