{"id":817,"date":"2024-02-20T21:42:42","date_gmt":"2024-02-20T21:42:42","guid":{"rendered":"https:\/\/sailandscience.pl\/?post_type=product&#038;p=817"},"modified":"2024-03-11T12:10:29","modified_gmt":"2024-03-11T12:10:29","slug":"tasma-teflonowa-millionaire-tape","status":"publish","type":"product","link":"https:\/\/sailandscience.pl\/index.php\/produkt\/tasma-teflonowa-millionaire-tape\/","title":{"rendered":"Ta\u015bma teflonowa &#8211; millionaire tape"},"content":{"rendered":"<p>Ta\u015bma, kt\u00f3r\u0105 ka\u017cdy rigger musi mie\u0107 w kieszeni. \u0141\u0105czy ze sob\u0105 najwa\u017cniejsze punkty:<\/p>\n<ul>\n<li>Odporno\u015b\u0107 na wysokie temperatury,<\/li>\n<li>G\u0142adka i \u015bliska powierzchnia zewn\u0119trzna minimalizuje tarcie (PTFE- Teflon)<\/li>\n<li>Dobrze si\u0119 klei do wszystkich powierzchni.<\/li>\n<\/ul>\n<p>Do stosowania we wszystkich miejscach gdzie elementy s\u0105 nara\u017cone na przecieranie.<\/p>\n<p>D\u0142ugo\u015b\u0107: 10 m<\/p>\n<p>Szeroko\u015b\u0107: 20 mm<\/p>\n<p>Grubo\u015b\u0107:\u00a0 60 mikron\u00f3w, 80 mikron\u00f3w<\/p>\n","protected":false},"excerpt":{"rendered":"<p>Ta\u015bma, kt\u00f3r\u0105 ka\u017cdy rigger musi mie\u0107 w kieszeni. \u0141\u0105czy ze sob\u0105 najwa\u017cniejsze punkty: Odporno\u015b\u0107 na wysokie temperatury, G\u0142adka i \u015bliska powierzchnia zewn\u0119trzna minimalizuje tarcie (PTFE- Teflon) Dobrze si\u0119 klei do wszystkich powierzchni. Do stosowania we wszystkich miejscach gdzie elementy s\u0105 nara\u017cone na przecieranie. D\u0142ugo\u015b\u0107: 10 m Szeroko\u015b\u0107: 20 mm Grubo\u015b\u0107:\u00a0 60 mikron\u00f3w, 80 mikron\u00f3w<\/p>\n","protected":false},"featured_media":820,"comment_status":"open","ping_status":"closed","template":"","meta":{"_monsterinsights_skip_tracking":false,"_monsterinsights_sitenote_active":false,"_monsterinsights_sitenote_note":"","_monsterinsights_sitenote_category":0,"_uf_show_specific_survey":0,"_uf_disable_surveys":false},"product_cat":[16,99,21],"product_tag":[148],"class_list":{"0":"post-817","1":"product","2":"type-product","3":"status-publish","4":"has-post-thumbnail","6":"product_cat-wszystkie","7":"product_cat-inne","8":"product_cat-produkty-sail-science","9":"product_tag-ptfe","11":"first","12":"instock","13":"shipping-taxable","14":"purchasable","15":"product-type-variable"},"aioseo_notices":[],"jetpack_sharing_enabled":true,"_links":{"self":[{"href":"https:\/\/sailandscience.pl\/index.php\/wp-json\/wp\/v2\/product\/817","targetHints":{"allow":["GET"]}}],"collection":[{"href":"https:\/\/sailandscience.pl\/index.php\/wp-json\/wp\/v2\/product"}],"about":[{"href":"https:\/\/sailandscience.pl\/index.php\/wp-json\/wp\/v2\/types\/product"}],"replies":[{"embeddable":true,"href":"https:\/\/sailandscience.pl\/index.php\/wp-json\/wp\/v2\/comments?post=817"}],"wp:featuredmedia":[{"embeddable":true,"href":"https:\/\/sailandscience.pl\/index.php\/wp-json\/wp\/v2\/media\/820"}],"wp:attachment":[{"href":"https:\/\/sailandscience.pl\/index.php\/wp-json\/wp\/v2\/media?parent=817"}],"wp:term":[{"taxonomy":"product_cat","embeddable":true,"href":"https:\/\/sailandscience.pl\/index.php\/wp-json\/wp\/v2\/product_cat?post=817"},{"taxonomy":"product_tag","embeddable":true,"href":"https:\/\/sailandscience.pl\/index.php\/wp-json\/wp\/v2\/product_tag?post=817"}],"curies":[{"name":"wp","href":"https:\/\/api.w.org\/{rel}","templated":true}]}}