{"id":752,"date":"2023-12-29T07:54:56","date_gmt":"2023-12-29T07:54:56","guid":{"rendered":"https:\/\/sailandscience.pl\/?post_type=product&#038;p=752"},"modified":"2026-03-18T22:38:02","modified_gmt":"2026-03-18T22:38:02","slug":"plytka-mocujaca-atlas-2-oryginalna","status":"publish","type":"product","link":"https:\/\/sailandscience.pl\/index.php\/produkt\/plytka-mocujaca-atlas-2-oryginalna\/","title":{"rendered":"P\u0142ytka mocuj\u0105ca Atlas 2 &#8211; oryginalna"},"content":{"rendered":"<p data-pm-slice=\"1 1 []\">P\u0142ytka mocuj\u0105ca do urz\u0105dzenia <a href=\"https:\/\/sailandscience.pl\/index.php\/produkt\/vakaros-atlas-2\/\">Atlas 2<\/a>. U\u017cywasz swojego urz\u0105dzenia na r\u00f3\u017cnych \u0142\u00f3dkach i nie chcesz traci\u0107 czasu na przenoszenie mocowania za ka\u017cdym razem. Zostaw mocowania na \u0142\u00f3dce i zabieraj ze sob\u0105 tylko urz\u0105dzenie.<\/p>\n<p data-pm-slice=\"1 1 []\">W zestawie:<\/p>\n<p data-pm-slice=\"1 1 []\">P\u0142ytka mocuj\u0105ca<\/p>\n<p data-pm-slice=\"1 1 []\">2x \u015aruba M4 x 14 mm<\/p>\n<p data-pm-slice=\"1 1 []\">Cylinder do mocowania w likszparze (8mm \u015brednicy)<\/p>\n<p data-pm-slice=\"1 1 []\">2x pasek z rzepa<\/p>\n<p data-pm-slice=\"1 1 []\">\n<p data-pm-slice=\"1 1 []\"><strong>UWAGA: przy zakupie urz\u0105dzenia Atlas 2, otrzymujesz powy\u017cszy zestaw.<\/strong><\/p>\n","protected":false},"excerpt":{"rendered":"<p>P\u0142ytka mocuj\u0105ca do urz\u0105dzenia Atlas 2. U\u017cywasz swojego urz\u0105dzenia na r\u00f3\u017cnych \u0142\u00f3dkach i nie chcesz traci\u0107 czasu na przenoszenie mocowania za ka\u017cdym razem. Zostaw mocowania na \u0142\u00f3dce i zabieraj ze sob\u0105 tylko urz\u0105dzenie. W zestawie: P\u0142ytka mocuj\u0105ca 2x \u015aruba M4 x 14 mm Cylinder do mocowania w likszparze (8mm \u015brednicy) 2x pasek z rzepa UWAGA:&hellip;<\/p>\n","protected":false},"featured_media":753,"comment_status":"open","ping_status":"closed","template":"","meta":{"_monsterinsights_skip_tracking":false,"_monsterinsights_sitenote_active":false,"_monsterinsights_sitenote_note":"","_monsterinsights_sitenote_category":0,"_uf_show_specific_survey":0,"_uf_disable_surveys":false},"product_cat":[17,19],"product_tag":[24,23],"class_list":{"0":"post-752","1":"product","2":"type-product","3":"status-publish","4":"has-post-thumbnail","6":"product_cat-vakaros","7":"product_cat-mocowania-do-atlas-2","8":"product_tag-atlas-2","9":"product_tag-vakaros","11":"first","12":"instock","13":"shipping-taxable","14":"purchasable","15":"product-type-simple"},"aioseo_notices":[],"jetpack_sharing_enabled":true,"_links":{"self":[{"href":"https:\/\/sailandscience.pl\/index.php\/wp-json\/wp\/v2\/product\/752","targetHints":{"allow":["GET"]}}],"collection":[{"href":"https:\/\/sailandscience.pl\/index.php\/wp-json\/wp\/v2\/product"}],"about":[{"href":"https:\/\/sailandscience.pl\/index.php\/wp-json\/wp\/v2\/types\/product"}],"replies":[{"embeddable":true,"href":"https:\/\/sailandscience.pl\/index.php\/wp-json\/wp\/v2\/comments?post=752"}],"wp:featuredmedia":[{"embeddable":true,"href":"https:\/\/sailandscience.pl\/index.php\/wp-json\/wp\/v2\/media\/753"}],"wp:attachment":[{"href":"https:\/\/sailandscience.pl\/index.php\/wp-json\/wp\/v2\/media?parent=752"}],"wp:term":[{"taxonomy":"product_cat","embeddable":true,"href":"https:\/\/sailandscience.pl\/index.php\/wp-json\/wp\/v2\/product_cat?post=752"},{"taxonomy":"product_tag","embeddable":true,"href":"https:\/\/sailandscience.pl\/index.php\/wp-json\/wp\/v2\/product_tag?post=752"}],"curies":[{"name":"wp","href":"https:\/\/api.w.org\/{rel}","templated":true}]}}