{"id":703,"date":"2023-12-13T09:47:59","date_gmt":"2023-12-13T09:47:59","guid":{"rendered":"https:\/\/sailandscience.pl\/?post_type=product&#038;p=703"},"modified":"2023-12-13T09:48:00","modified_gmt":"2023-12-13T09:48:00","slug":"stoper-do-trapezu","status":"publish","type":"product","link":"https:\/\/sailandscience.pl\/index.php\/produkt\/stoper-do-trapezu\/","title":{"rendered":"Stoper do trapezu"},"content":{"rendered":"<p>Wykonany z wytrzyma\u0142ego materia\u0142u PETG. Stoper w kszta\u0142cie cylindra znacznie lepiej sprawdza si\u0119 ni\u017c kulki, kt\u00f3re przy nieodpowiednim dopasowaniu mog\u0105 niszczy\u0107 bloczek\/ rolk\u0119 na kt\u00f3rej si\u0119 zatrzymuj\u0105.<\/p>\n<p>Stoper dost\u0119pny w dw\u00f3ch rozmiarach otworu wewn\u0119trznego: 4 mm, 5 mm.<\/p>\n","protected":false},"excerpt":{"rendered":"<p>Wykonany z wytrzyma\u0142ego materia\u0142u PETG. Stoper w kszta\u0142cie cylindra znacznie lepiej sprawdza si\u0119 ni\u017c kulki, kt\u00f3re przy nieodpowiednim dopasowaniu mog\u0105 niszczy\u0107 bloczek\/ rolk\u0119 na kt\u00f3rej si\u0119 zatrzymuj\u0105. Stoper dost\u0119pny w dw\u00f3ch rozmiarach otworu wewn\u0119trznego: 4 mm, 5 mm.<\/p>\n","protected":false},"featured_media":704,"comment_status":"open","ping_status":"closed","template":"","meta":{"_monsterinsights_skip_tracking":false,"_monsterinsights_sitenote_active":false,"_monsterinsights_sitenote_note":"","_monsterinsights_sitenote_category":0,"_uf_show_specific_survey":0,"_uf_disable_surveys":false},"product_cat":[16,99,21],"product_tag":[128],"class_list":{"0":"post-703","1":"product","2":"type-product","3":"status-publish","4":"has-post-thumbnail","6":"product_cat-wszystkie","7":"product_cat-inne","8":"product_cat-produkty-sail-science","9":"product_tag-sail-science","11":"first","12":"instock","13":"shipping-taxable","14":"purchasable","15":"product-type-variable"},"aioseo_notices":[],"jetpack_sharing_enabled":true,"_links":{"self":[{"href":"https:\/\/sailandscience.pl\/index.php\/wp-json\/wp\/v2\/product\/703","targetHints":{"allow":["GET"]}}],"collection":[{"href":"https:\/\/sailandscience.pl\/index.php\/wp-json\/wp\/v2\/product"}],"about":[{"href":"https:\/\/sailandscience.pl\/index.php\/wp-json\/wp\/v2\/types\/product"}],"replies":[{"embeddable":true,"href":"https:\/\/sailandscience.pl\/index.php\/wp-json\/wp\/v2\/comments?post=703"}],"wp:featuredmedia":[{"embeddable":true,"href":"https:\/\/sailandscience.pl\/index.php\/wp-json\/wp\/v2\/media\/704"}],"wp:attachment":[{"href":"https:\/\/sailandscience.pl\/index.php\/wp-json\/wp\/v2\/media?parent=703"}],"wp:term":[{"taxonomy":"product_cat","embeddable":true,"href":"https:\/\/sailandscience.pl\/index.php\/wp-json\/wp\/v2\/product_cat?post=703"},{"taxonomy":"product_tag","embeddable":true,"href":"https:\/\/sailandscience.pl\/index.php\/wp-json\/wp\/v2\/product_tag?post=703"}],"curies":[{"name":"wp","href":"https:\/\/api.w.org\/{rel}","templated":true}]}}