{"id":504,"date":"2023-12-01T14:27:41","date_gmt":"2023-12-01T14:27:41","guid":{"rendered":"https:\/\/sailandscience.pl\/?post_type=product&#038;p=504"},"modified":"2023-12-17T19:33:27","modified_gmt":"2023-12-17T19:33:27","slug":"a2030xhl-bloczek-30-mm","status":"publish","type":"product","link":"https:\/\/sailandscience.pl\/index.php\/produkt\/a2030xhl-bloczek-30-mm\/","title":{"rendered":"A2030XHL &#8211; bloczek 30 mm"},"content":{"rendered":"<p>Bloczki XHL zosta\u0142y zaprojektowane i wykonane do pracy przy najwi\u0119kszych obci\u0105\u017ceniach. Dwa rz\u0119dy \u0142o\u017cysk kulkowe pracuj\u0105ce na o\u015bcie ze stali nierdzewnej w po\u0142\u0105czeniu z \u0142o\u017cyskiem \u015blizgowym zapewniaj\u0105 doskona\u0142e toczenie nawet przy ekstremalnych obci\u0105\u017ceniach statycznych.<\/p>\n<p>Idealnie sprawdzi si\u0119 w kaskadach obci\u0105gacza (np. w klasie Moth), albo jako bloczek do fa\u0142u genakera na katamaranach.<\/p>\n<p>Aluminiowe, anodowane, wycinane CNC policzki bloczka. Dost\u0119pne w r\u00f3\u017cnych kolorach.<\/p>\n<p>Toczona o\u015b wykonana ze stali nierdzewnej.<\/p>\n<p><strong>Max obci\u0105\u017cenie pracy &#8211; 500 kg<\/strong><\/p>\n<p><strong>Minimalne obci\u0105\u017cenie zrywaj\u0105ce &#8211; 1250 kg<\/strong><\/p>\n<p><strong>Max \u015brednica liny &#8211; 8 mm<\/strong><\/p>\n<p><strong>Waga &#8211; 41 g<\/strong><\/p>\n<p>&nbsp;<\/p>\n<p><iframe loading=\"lazy\" title=\"XHL BLOCK | Stu Bithell Review\" width=\"1140\" height=\"641\" src=\"https:\/\/www.youtube.com\/embed\/iUAmkmPftKs?feature=oembed\" frameborder=\"0\" allow=\"accelerometer; autoplay; clipboard-write; encrypted-media; gyroscope; picture-in-picture; web-share\" allowfullscreen><\/iframe><\/p>\n","protected":false},"excerpt":{"rendered":"<p>Bloczki XHL zosta\u0142y zaprojektowane i wykonane do pracy przy najwi\u0119kszych obci\u0105\u017ceniach. Dwa rz\u0119dy \u0142o\u017cysk kulkowe pracuj\u0105ce na o\u015bcie ze stali nierdzewnej w po\u0142\u0105czeniu z \u0142o\u017cyskiem \u015blizgowym zapewniaj\u0105 doskona\u0142e toczenie nawet przy ekstremalnych obci\u0105\u017ceniach statycznych. Idealnie sprawdzi si\u0119 w kaskadach obci\u0105gacza (np. w klasie Moth), albo jako bloczek do fa\u0142u genakera na katamaranach. Aluminiowe, anodowane, wycinane&hellip;<\/p>\n","protected":false},"featured_media":515,"comment_status":"open","ping_status":"closed","template":"","meta":{"_monsterinsights_skip_tracking":false,"_monsterinsights_sitenote_active":false,"_monsterinsights_sitenote_note":"","_monsterinsights_sitenote_category":0,"_uf_show_specific_survey":0,"_uf_disable_surveys":false},"product_cat":[16,34],"product_tag":[114,112,111],"class_list":{"0":"post-504","1":"product","2":"type-product","3":"status-publish","4":"has-post-thumbnail","6":"product_cat-wszystkie","7":"product_cat-allen","8":"product_tag-30-mm","9":"product_tag-allen","10":"product_tag-bloczek","12":"first","13":"instock","14":"sale","15":"shipping-taxable","16":"purchasable","17":"product-type-variable","18":"has-default-attributes"},"aioseo_notices":[],"jetpack_sharing_enabled":true,"_links":{"self":[{"href":"https:\/\/sailandscience.pl\/index.php\/wp-json\/wp\/v2\/product\/504","targetHints":{"allow":["GET"]}}],"collection":[{"href":"https:\/\/sailandscience.pl\/index.php\/wp-json\/wp\/v2\/product"}],"about":[{"href":"https:\/\/sailandscience.pl\/index.php\/wp-json\/wp\/v2\/types\/product"}],"replies":[{"embeddable":true,"href":"https:\/\/sailandscience.pl\/index.php\/wp-json\/wp\/v2\/comments?post=504"}],"wp:featuredmedia":[{"embeddable":true,"href":"https:\/\/sailandscience.pl\/index.php\/wp-json\/wp\/v2\/media\/515"}],"wp:attachment":[{"href":"https:\/\/sailandscience.pl\/index.php\/wp-json\/wp\/v2\/media?parent=504"}],"wp:term":[{"taxonomy":"product_cat","embeddable":true,"href":"https:\/\/sailandscience.pl\/index.php\/wp-json\/wp\/v2\/product_cat?post=504"},{"taxonomy":"product_tag","embeddable":true,"href":"https:\/\/sailandscience.pl\/index.php\/wp-json\/wp\/v2\/product_tag?post=504"}],"curies":[{"name":"wp","href":"https:\/\/api.w.org\/{rel}","templated":true}]}}