{"id":447,"date":"2023-11-30T12:39:46","date_gmt":"2023-11-30T12:39:46","guid":{"rendered":"https:\/\/sailandscience.pl\/?post_type=product&#038;p=447"},"modified":"2024-08-28T20:49:19","modified_gmt":"2024-08-28T20:49:19","slug":"a2020-bloczek-20-mm","status":"publish","type":"product","link":"https:\/\/sailandscience.pl\/index.php\/produkt\/a2020-bloczek-20-mm\/","title":{"rendered":"A2020 &#8211; bloczek 20 mm"},"content":{"rendered":"<p>Ma\u0142y, wytrzyma\u0142y, \u0142o\u017cyskowany bloczek 20 mm. \u015awietnie sprawdzi si\u0119 w wi\u0119kszo\u015bci zastosowa\u0144 na ma\u0142ych \u0142\u00f3dkach. Metalowe zaokr\u0105glone mocowania pozwala mocowa\u0107 go zar\u00f3wno link\u0105 jak i szekl\u0105. Specjalny du\u017cy otw\u00f3r w osi obrotu bloczka pozwala na wykorzystanie go jako mocowane kaskady.<\/p>\n<p><strong>Minimalne obci\u0105\u017cenie zrywaj\u0105ce &#8211; 540 kg<\/strong><\/p>\n<p><strong>Max \u015brednica liny &#8211; 6 mm\u00a0<\/strong><\/p>\n<p><strong>Max obci\u0105\u017cenie pracy &#8211; 115 kg\u00a0<\/strong><\/p>\n<p><strong>Waga &#8211; 10 g<\/strong><\/p>\n<p><iframe loading=\"lazy\" title=\"HOW IT&#039;S MADE | The birth of an A2020\" width=\"1140\" height=\"641\" src=\"https:\/\/www.youtube.com\/embed\/LjBIRnWuUaY?start=132&#038;feature=oembed\" frameborder=\"0\" allow=\"accelerometer; autoplay; clipboard-write; encrypted-media; gyroscope; picture-in-picture; web-share\" allowfullscreen><\/iframe><\/p>\n","protected":false},"excerpt":{"rendered":"<p>Ma\u0142y, wytrzyma\u0142y, \u0142o\u017cyskowany bloczek 20 mm. \u015awietnie sprawdzi si\u0119 w wi\u0119kszo\u015bci zastosowa\u0144 na ma\u0142ych \u0142\u00f3dkach. Metalowe zaokr\u0105glone mocowania pozwala mocowa\u0107 go zar\u00f3wno link\u0105 jak i szekl\u0105. Specjalny du\u017cy otw\u00f3r w osi obrotu bloczka pozwala na wykorzystanie go jako mocowane kaskady. Minimalne obci\u0105\u017cenie zrywaj\u0105ce &#8211; 540 kg Max \u015brednica liny &#8211; 6 mm\u00a0 Max obci\u0105\u017cenie pracy&hellip;<\/p>\n","protected":false},"featured_media":449,"comment_status":"open","ping_status":"closed","template":"","meta":{"_monsterinsights_skip_tracking":false,"_monsterinsights_sitenote_active":false,"_monsterinsights_sitenote_note":"","_monsterinsights_sitenote_category":0,"_uf_show_specific_survey":0,"_uf_disable_surveys":false},"product_cat":[16,34],"product_tag":[113,112,111],"class_list":{"0":"post-447","1":"product","2":"type-product","3":"status-publish","4":"has-post-thumbnail","6":"product_cat-wszystkie","7":"product_cat-allen","8":"product_tag-20-mm","9":"product_tag-allen","10":"product_tag-bloczek","12":"first","13":"instock","14":"sale","15":"shipping-taxable","16":"purchasable","17":"product-type-simple"},"aioseo_notices":[],"jetpack_sharing_enabled":true,"_links":{"self":[{"href":"https:\/\/sailandscience.pl\/index.php\/wp-json\/wp\/v2\/product\/447","targetHints":{"allow":["GET"]}}],"collection":[{"href":"https:\/\/sailandscience.pl\/index.php\/wp-json\/wp\/v2\/product"}],"about":[{"href":"https:\/\/sailandscience.pl\/index.php\/wp-json\/wp\/v2\/types\/product"}],"replies":[{"embeddable":true,"href":"https:\/\/sailandscience.pl\/index.php\/wp-json\/wp\/v2\/comments?post=447"}],"wp:featuredmedia":[{"embeddable":true,"href":"https:\/\/sailandscience.pl\/index.php\/wp-json\/wp\/v2\/media\/449"}],"wp:attachment":[{"href":"https:\/\/sailandscience.pl\/index.php\/wp-json\/wp\/v2\/media?parent=447"}],"wp:term":[{"taxonomy":"product_cat","embeddable":true,"href":"https:\/\/sailandscience.pl\/index.php\/wp-json\/wp\/v2\/product_cat?post=447"},{"taxonomy":"product_tag","embeddable":true,"href":"https:\/\/sailandscience.pl\/index.php\/wp-json\/wp\/v2\/product_tag?post=447"}],"curies":[{"name":"wp","href":"https:\/\/api.w.org\/{rel}","templated":true}]}}