{"id":336,"date":"2023-11-28T10:33:46","date_gmt":"2023-11-28T10:33:46","guid":{"rendered":"https:\/\/sailandscience.pl\/?post_type=product&#038;p=336"},"modified":"2025-04-05T09:56:16","modified_gmt":"2025-04-05T09:56:16","slug":"kombinezon-hybrid-semi-dry","status":"publish","type":"product","link":"https:\/\/sailandscience.pl\/index.php\/produkt\/kombinezon-hybrid-semi-dry\/","title":{"rendered":"Kombinezon Hybrid Semi Dry"},"content":{"rendered":"<p>\u015awietny kombinezon \u0142\u0105cz\u0105cy zalety suchego sztormiaka i pianki. Nadaje si\u0119 na sesje treningowe w najtrudniejszych warunkach. Nie musisz ju\u017c wi\u0119cej po\u015bwi\u0119ca\u0107 mobilno\u015bci dla komfortu termicznego.<\/p>\n<p>G\u00f3rna cz\u0119\u015b\u0107 wykonana z tr\u00f3jwarstwowej membrany zapewniaj\u0105cej wodoodporno\u015b\u0107, rozci\u0105gliwo\u015b\u0107 i oddychanie.<\/p>\n<p>Maksymalna wolno\u015b\u0107 i roizci\u0105gliwo\u015b\u0107.<\/p>\n<p>Dolna cz\u0119\u015b\u0107 wykonana z rozci\u0105gliwego neoprenu.<\/p>\n<p>Technologia WIP INSIDE- zintegrowane wzmocnienia w kluczowych miejscach pianki. Zwi\u0119kszaj\u0105 bezpiecze\u0144stwo przy uderzeniach.<\/p>\n<p>Wzmocnione panele na kolanach i siedzeniu dla lepszej wytrzyma\u0142o\u015bci.<\/p>\n<p>Wodoodporne gilzy na r\u0119ce i szyje. wyj\u015bcie z nogawek zapinane na rzep zapobiega podwijaniu si\u0119 pianki.<\/p>\n<p>Wodoszczelny rozporek.<\/p>\n","protected":false},"excerpt":{"rendered":"<p>\u015awietny kombinezon \u0142\u0105cz\u0105cy zalety suchego sztormiaka i pianki. Nadaje si\u0119 na sesje treningowe w najtrudniejszych warunkach. Nie musisz ju\u017c wi\u0119cej po\u015bwi\u0119ca\u0107 mobilno\u015bci dla komfortu termicznego. G\u00f3rna cz\u0119\u015b\u0107 wykonana z tr\u00f3jwarstwowej membrany zapewniaj\u0105cej wodoodporno\u015b\u0107, rozci\u0105gliwo\u015b\u0107 i oddychanie. Maksymalna wolno\u015b\u0107 i roizci\u0105gliwo\u015b\u0107. Dolna cz\u0119\u015b\u0107 wykonana z rozci\u0105gliwego neoprenu. Technologia WIP INSIDE- zintegrowane wzmocnienia w kluczowych miejscach pianki.&hellip;<\/p>\n","protected":false},"featured_media":337,"comment_status":"open","ping_status":"closed","template":"","meta":{"_monsterinsights_skip_tracking":false,"_monsterinsights_sitenote_active":false,"_monsterinsights_sitenote_note":"","_monsterinsights_sitenote_category":0,"_uf_show_specific_survey":0,"_uf_disable_surveys":false},"product_cat":[16,22,27],"product_tag":[63,64],"class_list":{"0":"post-336","1":"product","2":"type-product","3":"status-publish","4":"has-post-thumbnail","6":"product_cat-wszystkie","7":"product_cat-forward-wip","8":"product_cat-pianki","9":"product_tag-forward-wip","10":"product_tag-pianka","12":"first","13":"instock","14":"sale","15":"shipping-taxable","16":"purchasable","17":"product-type-variable"},"aioseo_notices":[],"jetpack_sharing_enabled":true,"_links":{"self":[{"href":"https:\/\/sailandscience.pl\/index.php\/wp-json\/wp\/v2\/product\/336","targetHints":{"allow":["GET"]}}],"collection":[{"href":"https:\/\/sailandscience.pl\/index.php\/wp-json\/wp\/v2\/product"}],"about":[{"href":"https:\/\/sailandscience.pl\/index.php\/wp-json\/wp\/v2\/types\/product"}],"replies":[{"embeddable":true,"href":"https:\/\/sailandscience.pl\/index.php\/wp-json\/wp\/v2\/comments?post=336"}],"wp:featuredmedia":[{"embeddable":true,"href":"https:\/\/sailandscience.pl\/index.php\/wp-json\/wp\/v2\/media\/337"}],"wp:attachment":[{"href":"https:\/\/sailandscience.pl\/index.php\/wp-json\/wp\/v2\/media?parent=336"}],"wp:term":[{"taxonomy":"product_cat","embeddable":true,"href":"https:\/\/sailandscience.pl\/index.php\/wp-json\/wp\/v2\/product_cat?post=336"},{"taxonomy":"product_tag","embeddable":true,"href":"https:\/\/sailandscience.pl\/index.php\/wp-json\/wp\/v2\/product_tag?post=336"}],"curies":[{"name":"wp","href":"https:\/\/api.w.org\/{rel}","templated":true}]}}