{"id":32,"date":"2023-11-14T12:12:22","date_gmt":"2023-11-14T12:12:22","guid":{"rendered":"https:\/\/sailandscience.pl\/?post_type=product&#038;p=32"},"modified":"2026-02-06T21:17:07","modified_gmt":"2026-02-06T21:17:07","slug":"vakaros-atlas-2","status":"publish","type":"product","link":"https:\/\/sailandscience.pl\/index.php\/produkt\/vakaros-atlas-2\/","title":{"rendered":"Vakaros &#8211; Atlas 2"},"content":{"rendered":"<p>Atlas 2 to rewolucyjny instrument \u017ceglarski, kt\u00f3ry zmienia regu\u0142y gry. Stanowi niezr\u00f3wnane narz\u0119dzie dla ka\u017cdego \u017ceglarza, oferuj\u0105c niespotykan\u0105 dok\u0142adno\u015b\u0107, niezawodno\u015b\u0107 i wszechstronno\u015b\u0107.<\/p>\n<p><strong>Najdok\u0142adniejszy GPS dost\u0119pny dla \u017ceglarzy.<\/strong><\/p>\n<p><img loading=\"lazy\" decoding=\"async\" class=\"alignnone size-medium wp-image-642\" src=\"http:\/\/sailandscience.pl\/wp-content\/uploads\/2023\/11\/accuracy-300x150.png\" alt=\"\" width=\"300\" height=\"150\" srcset=\"https:\/\/sailandscience.pl\/wp-content\/uploads\/2023\/11\/accuracy-300x150.png 300w, https:\/\/sailandscience.pl\/wp-content\/uploads\/2023\/11\/accuracy-1024x511.png 1024w, https:\/\/sailandscience.pl\/wp-content\/uploads\/2023\/11\/accuracy-768x383.png 768w, https:\/\/sailandscience.pl\/wp-content\/uploads\/2023\/11\/accuracy-600x299.png 600w, https:\/\/sailandscience.pl\/wp-content\/uploads\/2023\/11\/accuracy.png 1345w\" sizes=\"auto, (max-width: 300px) 100vw, 300px\" \/><\/p>\n<p>Dzi\u0119ki mo\u017cliwo\u015bci odbioru sygna\u0142\u00f3w z dw\u00f3ch pasm, L1 + L5 GNSS, Atlas 2 umo\u017cliwia pomiar pozycji z precyzj\u0105 do centymetr\u00f3w. To pierwszy tego typu instrument, kt\u00f3ry integruje optymalizacj\u0119 dla sygna\u0142\u00f3w L1 + L5, eliminuj\u0105c b\u0142\u0119dy jonosferyczne oraz redukuj\u0105c zak\u0142\u00f3cenia zwi\u0105zane z interferencj\u0105 wielopasmow\u0105.<\/p>\n<p>Zaawansowany system odbioru z wielu system\u00f3w, takich jak GPS, Galileo, GLONASS i BeiDou, sprawia, \u017ce jeste\u015b zawsze po\u0142\u0105czony z najbardziej niezawodnymi satelitami.<\/p>\n<p>Ale Atlas 2 to nie tylko precyzja pomiaru pozycji &#8211; to r\u00f3wnie\u017c wyj\u0105tkowy kompas magnetyczny, kt\u00f3ry zapewnia niezr\u00f3wnan\u0105 dok\u0142adno\u015b\u0107 wyznaczania kierunku. Dzi\u0119ki czujnikowi magnetycznemu, oraz zaawansowanemu algorytmowi t\u0142umienia, ten instrument utrzymuje stabilno\u015b\u0107 kompasu w najtrudniejszych warunkach.<\/p>\n<p>U\u017cyteczno\u015b\u0107 urz\u0105dzenia Atlas 2 jest potwierdzana przez zawodnik\u00f3w na jachtach du\u017cych jak i tych najmniejszych. Stosowane jest na du\u017cych regatowych jachtach takich jak TP 52, po jedno-osobowe ILCA . Atlas 2 niezale\u017cnie od rozmiaru jachtu mo\u017ce przynie\u015b\u0107 korzy\u015bci w regatach jak i na treningu.<\/p>\n<p>Wygranie startu to klucz do kontroli wy\u015bcigu, dlatego stworzyli\u015bmy ekran startowy, kt\u00f3ry dostarcza pogl\u0105du sytuacyjnego, pomagaj\u0105c osi\u0105gn\u0105\u0107 lini\u0119 startow\u0105 punktualnie i z maksymaln\u0105 pr\u0119dko\u015bci\u0105. Profesjonali\u015bci i mistrzowie \u015bwiata potwierdzaj\u0105, \u017ce Vakaros Atlas 2 daje im przewag\u0119 od samego pocz\u0105tku.<\/p>\n<p><iframe loading=\"lazy\" title=\"#99 #\u017ceglarskieczwartki I Jak dobrze wystartowa\u0107\" width=\"1140\" height=\"641\" src=\"https:\/\/www.youtube.com\/embed\/u62fpvJFvBQ?feature=oembed\" frameborder=\"0\" allow=\"accelerometer; autoplay; clipboard-write; encrypted-media; gyroscope; picture-in-picture; web-share\" referrerpolicy=\"strict-origin-when-cross-origin\" allowfullscreen><\/iframe><\/p>\n<p>Ale Atlas 2 to nie tylko technologia &#8211; to ca\u0142y ekosystem, kt\u00f3ry umo\u017cliwia personalizacj\u0119 interfejsu u\u017cytkownika, zbieranie i udost\u0119pnianie danych oraz zapewnia niezwyk\u0142\u0105 \u017cywotno\u015b\u0107 baterii. To niezawodne wsparcie na lata, niezale\u017cnie od Twoich \u017ceglarskich plan\u00f3w.<\/p>\n<p><img loading=\"lazy\" decoding=\"async\" class=\"alignnone size-medium wp-image-643\" src=\"http:\/\/sailandscience.pl\/wp-content\/uploads\/2023\/11\/ezgif-2-200b2d80f5-169x300.jpg\" alt=\"\" width=\"169\" height=\"300\" srcset=\"https:\/\/sailandscience.pl\/wp-content\/uploads\/2023\/11\/ezgif-2-200b2d80f5-169x300.jpg 169w, https:\/\/sailandscience.pl\/wp-content\/uploads\/2023\/11\/ezgif-2-200b2d80f5-576x1024.jpg 576w, https:\/\/sailandscience.pl\/wp-content\/uploads\/2023\/11\/ezgif-2-200b2d80f5-600x1067.jpg 600w, https:\/\/sailandscience.pl\/wp-content\/uploads\/2023\/11\/ezgif-2-200b2d80f5.jpg 720w\" sizes=\"auto, (max-width: 169px) 100vw, 169px\" \/> <img loading=\"lazy\" decoding=\"async\" class=\"alignnone size-medium wp-image-644\" src=\"http:\/\/sailandscience.pl\/wp-content\/uploads\/2023\/11\/ezgif-2-ad91efaec7-169x300.jpg\" alt=\"\" width=\"169\" height=\"300\" srcset=\"https:\/\/sailandscience.pl\/wp-content\/uploads\/2023\/11\/ezgif-2-ad91efaec7-169x300.jpg 169w, https:\/\/sailandscience.pl\/wp-content\/uploads\/2023\/11\/ezgif-2-ad91efaec7-576x1024.jpg 576w, https:\/\/sailandscience.pl\/wp-content\/uploads\/2023\/11\/ezgif-2-ad91efaec7-600x1067.jpg 600w, https:\/\/sailandscience.pl\/wp-content\/uploads\/2023\/11\/ezgif-2-ad91efaec7.jpg 720w\" sizes=\"auto, (max-width: 169px) 100vw, 169px\" \/> <img loading=\"lazy\" decoding=\"async\" class=\"alignnone size-medium wp-image-645\" src=\"http:\/\/sailandscience.pl\/wp-content\/uploads\/2023\/11\/ezgif-2-e42b9891ec-169x300.jpg\" alt=\"\" width=\"169\" height=\"300\" srcset=\"https:\/\/sailandscience.pl\/wp-content\/uploads\/2023\/11\/ezgif-2-e42b9891ec-169x300.jpg 169w, https:\/\/sailandscience.pl\/wp-content\/uploads\/2023\/11\/ezgif-2-e42b9891ec-576x1024.jpg 576w, https:\/\/sailandscience.pl\/wp-content\/uploads\/2023\/11\/ezgif-2-e42b9891ec-600x1067.jpg 600w, https:\/\/sailandscience.pl\/wp-content\/uploads\/2023\/11\/ezgif-2-e42b9891ec.jpg 720w\" sizes=\"auto, (max-width: 169px) 100vw, 169px\" \/><\/p>\n<p><strong>100 godzin pracy na baterii, bezprzewodowe \u0142adowanie.<\/strong><\/p>\n<p>Dzi\u0119ki pojemnej baterii i zoptymalizowanemu systemowi, nie musisz pami\u0119ta\u0107 o codziennym \u0142adowaniu. Atlas 2 bez problemu wytrzyma czterodniowe regaty bez potrzeby \u0142adowania. Nawet je\u015bli doprowadzisz do pe\u0142nego roz\u0142adowania baterii 20 min \u0142adowania przy \u015bniadaniu zapewni 10 godzin pracy. Akumulator litowo polimerowy wystarczy na lata pracy.<\/p>\n<p>&nbsp;<\/p>\n<p><strong>Specyfikacja techniczna:<\/strong><\/p>\n<p><strong>Sensory:<\/strong><\/p>\n<ul>\n<li>25Hz, GNSS odbiornik, dwa pasma L1 + L5<\/li>\n<li>3-osiowy magnetometr<\/li>\n<li>3-osiowy \u017cyroskop<\/li>\n<li>3-osiowy akcelerometr<\/li>\n<li>Czujnik \u015bwiat\u0142a<\/li>\n<li>Czujnik temperatury<\/li>\n<\/ul>\n<p><strong>Odczytywane warto\u015bci:<\/strong><\/p>\n<ul>\n<li>Pozycja<\/li>\n<li>Pr\u0119dko\u015b\u0107<\/li>\n<li>Kurs<\/li>\n<li>Przechy\u0142 boczny (heel)<\/li>\n<li>Przechy\u0142 wzd\u0142u\u017cny (pitch)<\/li>\n<li>Cz\u0119stotliwo\u015b\u0107 zapisu danych &#8211; 10 Hz<\/li>\n<\/ul>\n<p><strong>Wy\u015bwietlacz:<\/strong><\/p>\n<ul>\n<li>Wysoki kontrast, czytelny przy bezpo\u015brednio podaj\u0105cym \u015bwietle s\u0142onecznym<\/li>\n<li>Sto\u017cek odczytu 160 stopni<\/li>\n<li>4,4&#8243; wy\u015bwietlacz LCD<\/li>\n<li>320&#215;240 rozdzielczo\u015b\u0107<\/li>\n<li>Czerwone pod\u015bwietlenie nocne<\/li>\n<li>Wielko\u015b\u0107 znak\u00f3w: 90mm wysoko\u015bci (orientacja pozioma), 40 mm wysoko\u015bci (orientacja pionowa)<\/li>\n<li>Gorilla Glass<\/li>\n<li>Wielowarstwowa pokrycie antyrefleksyjne<\/li>\n<li>Warstwa hydrofobowa na powierzchni<\/li>\n<li>Dodatkowy pasek LED<\/li>\n<\/ul>\n<p><strong>Bateria:<\/strong><\/p>\n<ul>\n<li>100+ godzin pracy na jednym na\u0142adowaniu<\/li>\n<li>Zintegrowana bateria 4600 mAh litowo polimerowa<\/li>\n<li>Bezprzewodowe \u0142adowanie (\u0142adowarka USB w zestawie)<\/li>\n<\/ul>\n<p><strong>Zapis danych:<\/strong><\/p>\n<ul>\n<li>Wewn\u0119trzna pami\u0119\u0107 256 MB<\/li>\n<li>100 + godzin rejestracji wszystkich danych w zale\u017cno\u015bci od cz\u0119stotliwo\u015bci zapisu<\/li>\n<li>Cz\u0119stotliwo\u015b\u0107 zapisu 2, 5 lub 10 Hz<\/li>\n<\/ul>\n<p><b>Funkcjonalno\u015b\u0107 na wodzie:<\/b><\/p>\n<ul>\n<li>Czas do linii startu (Time to line)<\/li>\n<li>Odleg\u0142o\u015b\u0107 do linii startu (Distance to line)<\/li>\n<li>Czas do spalenia (Time to burn)<\/li>\n<li>Timer startowy<\/li>\n<li>Wskazywanie zmiany kierunku wiatru<\/li>\n<li>VMG<\/li>\n<\/ul>\n<p><strong>Kompatybilne z dodatkowymi czujnikami:<\/strong><\/p>\n<ul>\n<li>Bezprzewodowy wiatromierz ultrad\u017awi\u0119kowy <a href=\"https:\/\/sailandscience.pl\/index.php\/produkt\/wiatromierz-calypso-mini\/\">Calypso Mini<\/a><\/li>\n<li>Bezprzewodowy wiatromierz ultrad\u017awi\u0119kowy <a href=\"https:\/\/sailandscience.pl\/index.php\/produkt\/wiatromierz-calypso-solar\/\">Calypso Solar<\/a><\/li>\n<li>Mierniki napi\u0119cia Cyclops<\/li>\n<\/ul>\n<p><strong>Dost\u0119pne mocowania na jachty r\u00f3\u017cnych klas:<\/strong><\/p>\n<ul>\n<li><a href=\"https:\/\/sailandscience.pl\/index.php\/produkt\/mocowanie-atlas-2-do-a-class-ad3\/\">katamaran klasy A<\/a><\/li>\n<li><a href=\"https:\/\/sailandscience.pl\/index.php\/produkt\/samodzielne-mocowanie-vakaros-atlas-2\/\">Samoprzylepne mocowanie<\/a><\/li>\n<li>i wiele innych&#8230;<\/li>\n<\/ul>\n<p>&nbsp;<\/p>\n<p><strong>W zestawie z urz\u0105dzeniem otrzymasz:<\/strong><\/p>\n<p data-pm-slice=\"1 1 []\">P\u0142ytk\u0119 mocuj\u0105c\u0105<\/p>\n<p data-pm-slice=\"1 1 []\">2x \u015aruba M4 x 14 mm<\/p>\n<p data-pm-slice=\"1 1 []\">Cylinder do mocowania w likszparze (8mm \u015brednicy)<\/p>\n<p data-pm-slice=\"1 1 []\">2x pasek z rzepa do mocowania<\/p>\n<p data-pm-slice=\"1 1 []\">\n<p data-pm-slice=\"1 1 []\"><strong>Promocja do ko\u0144ca lutego, do ka\u017cdego zakupionego urz\u0105dzenia \u0142adowarka indukcyjna gratis!<\/strong><\/p>\n<p>&nbsp;<\/p>\n","protected":false},"excerpt":{"rendered":"<p>Atlas 2 to rewolucyjny instrument \u017ceglarski, kt\u00f3ry zmienia regu\u0142y gry. Stanowi niezr\u00f3wnane narz\u0119dzie dla ka\u017cdego \u017ceglarza, oferuj\u0105c niespotykan\u0105 dok\u0142adno\u015b\u0107, niezawodno\u015b\u0107 i wszechstronno\u015b\u0107.<\/p>\n","protected":false},"featured_media":40,"comment_status":"open","ping_status":"closed","template":"","meta":{"_monsterinsights_skip_tracking":false,"_monsterinsights_sitenote_active":false,"_monsterinsights_sitenote_note":"","_monsterinsights_sitenote_category":0,"_uf_show_specific_survey":0,"_uf_disable_surveys":false},"product_cat":[16,17,18],"product_tag":[24,23],"class_list":{"0":"post-32","1":"product","2":"type-product","3":"status-publish","4":"has-post-thumbnail","6":"product_cat-wszystkie","7":"product_cat-vakaros","8":"product_cat-atlas-2","9":"product_tag-atlas-2","10":"product_tag-vakaros","12":"first","13":"instock","14":"sale","15":"shipping-taxable","16":"purchasable","17":"product-type-simple"},"aioseo_notices":[],"jetpack_sharing_enabled":true,"_links":{"self":[{"href":"https:\/\/sailandscience.pl\/index.php\/wp-json\/wp\/v2\/product\/32","targetHints":{"allow":["GET"]}}],"collection":[{"href":"https:\/\/sailandscience.pl\/index.php\/wp-json\/wp\/v2\/product"}],"about":[{"href":"https:\/\/sailandscience.pl\/index.php\/wp-json\/wp\/v2\/types\/product"}],"replies":[{"embeddable":true,"href":"https:\/\/sailandscience.pl\/index.php\/wp-json\/wp\/v2\/comments?post=32"}],"wp:featuredmedia":[{"embeddable":true,"href":"https:\/\/sailandscience.pl\/index.php\/wp-json\/wp\/v2\/media\/40"}],"wp:attachment":[{"href":"https:\/\/sailandscience.pl\/index.php\/wp-json\/wp\/v2\/media?parent=32"}],"wp:term":[{"taxonomy":"product_cat","embeddable":true,"href":"https:\/\/sailandscience.pl\/index.php\/wp-json\/wp\/v2\/product_cat?post=32"},{"taxonomy":"product_tag","embeddable":true,"href":"https:\/\/sailandscience.pl\/index.php\/wp-json\/wp\/v2\/product_tag?post=32"}],"curies":[{"name":"wp","href":"https:\/\/api.w.org\/{rel}","templated":true}]}}