{"id":314,"date":"2023-11-28T08:12:10","date_gmt":"2023-11-28T08:12:10","guid":{"rendered":"https:\/\/sailandscience.pl\/?post_type=product&#038;p=314"},"modified":"2023-11-28T08:17:21","modified_gmt":"2023-11-28T08:17:21","slug":"schockcord-robline","status":"publish","type":"product","link":"https:\/\/sailandscience.pl\/index.php\/produkt\/schockcord-robline\/","title":{"rendered":"Schockcord &#8211; Robline"},"content":{"rendered":"<p>Rozci\u0105gliwa guma w wytrzyma\u0142ym oplocie.<\/p>\n<p>Znajdzie zastosowanie na ma\u0142ych i du\u017cych \u0142\u00f3dkach. Du\u017ca rozci\u0105gliwo\u015b\u0107 i wytrzyma\u0142y oplot \u015bwietnie si\u0119 sprawdzi we wszystkich miejscach.<\/p>\n<p>Rdze\u0144 &#8211; guma<\/p>\n<p>Oplot &#8211; poliester<\/p>\n","protected":false},"excerpt":{"rendered":"<p>Rozci\u0105gliwa guma w wytrzyma\u0142ym oplocie. Znajdzie zastosowanie na ma\u0142ych i du\u017cych \u0142\u00f3dkach. Du\u017ca rozci\u0105gliwo\u015b\u0107 i wytrzyma\u0142y oplot \u015bwietnie si\u0119 sprawdzi we wszystkich miejscach. Rdze\u0144 &#8211; guma Oplot &#8211; poliester<\/p>\n","protected":false},"featured_media":315,"comment_status":"open","ping_status":"closed","template":"","meta":{"_monsterinsights_skip_tracking":false,"_monsterinsights_sitenote_active":false,"_monsterinsights_sitenote_note":"","_monsterinsights_sitenote_category":0,"_uf_show_specific_survey":0,"_uf_disable_surveys":false},"product_cat":[36,16],"product_tag":[92,93],"class_list":{"0":"post-314","1":"product","2":"type-product","3":"status-publish","4":"has-post-thumbnail","6":"product_cat-liny","7":"product_cat-wszystkie","8":"product_tag-guma","9":"product_tag-robline","11":"first","12":"instock","13":"shipping-taxable","14":"purchasable","15":"product-type-variable"},"aioseo_notices":[],"jetpack_sharing_enabled":true,"_links":{"self":[{"href":"https:\/\/sailandscience.pl\/index.php\/wp-json\/wp\/v2\/product\/314","targetHints":{"allow":["GET"]}}],"collection":[{"href":"https:\/\/sailandscience.pl\/index.php\/wp-json\/wp\/v2\/product"}],"about":[{"href":"https:\/\/sailandscience.pl\/index.php\/wp-json\/wp\/v2\/types\/product"}],"replies":[{"embeddable":true,"href":"https:\/\/sailandscience.pl\/index.php\/wp-json\/wp\/v2\/comments?post=314"}],"wp:featuredmedia":[{"embeddable":true,"href":"https:\/\/sailandscience.pl\/index.php\/wp-json\/wp\/v2\/media\/315"}],"wp:attachment":[{"href":"https:\/\/sailandscience.pl\/index.php\/wp-json\/wp\/v2\/media?parent=314"}],"wp:term":[{"taxonomy":"product_cat","embeddable":true,"href":"https:\/\/sailandscience.pl\/index.php\/wp-json\/wp\/v2\/product_cat?post=314"},{"taxonomy":"product_tag","embeddable":true,"href":"https:\/\/sailandscience.pl\/index.php\/wp-json\/wp\/v2\/product_tag?post=314"}],"curies":[{"name":"wp","href":"https:\/\/api.w.org\/{rel}","templated":true}]}}