{"id":286,"date":"2023-11-28T08:04:15","date_gmt":"2023-11-28T08:04:15","guid":{"rendered":"https:\/\/sailandscience.pl\/?post_type=product&#038;p=286"},"modified":"2023-11-28T08:04:15","modified_gmt":"2023-11-28T08:04:15","slug":"dinghy-control-robline","status":"publish","type":"product","link":"https:\/\/sailandscience.pl\/index.php\/produkt\/dinghy-control-robline\/","title":{"rendered":"Dinghy Control &#8211; Robline"},"content":{"rendered":"<p class=\"def\" lang=\"en-US\"><span class=\"def\">Idealna lina na regulacje lub fa\u0142y.<\/span><\/p>\n<p class=\"def\" lang=\"en-US\"><span class=\"def\">Bardzo lekka oraz wytrzyma\u0142a.<\/span><\/p>\n<p class=\"def\" lang=\"en-US\"><span class=\"def\">\u0141atwa do szplajsowania.<\/span><\/p>\n<p class=\"def\" lang=\"en-US\"><span class=\"def\">Bardzo dobry grip.<\/span><\/p>\n<p lang=\"en-US\">Rdze\u0144 &#8211; Dyneema SK78<\/p>\n<p lang=\"en-US\">Oplot &#8211; poliester<\/p>\n<p lang=\"en-US\">Zamawiaj\u0105c 1 szt. zamawiasz 1 metr liny. Lina docinana z rolki.<\/p>\n","protected":false},"excerpt":{"rendered":"<p>Idealna lina na regulacje lub fa\u0142y. Bardzo lekka oraz wytrzyma\u0142a. \u0141atwa do szplajsowania. Bardzo dobry grip. Rdze\u0144 &#8211; Dyneema SK78 Oplot &#8211; poliester Zamawiaj\u0105c 1 szt. zamawiasz 1 metr liny. Lina docinana z rolki.<\/p>\n","protected":false},"featured_media":293,"comment_status":"open","ping_status":"closed","template":"","meta":{"_monsterinsights_skip_tracking":false,"_monsterinsights_sitenote_active":false,"_monsterinsights_sitenote_note":"","_monsterinsights_sitenote_category":0,"_uf_show_specific_survey":0,"_uf_disable_surveys":false},"product_cat":[36,16],"product_tag":[],"class_list":{"0":"post-286","1":"product","2":"type-product","3":"status-publish","4":"has-post-thumbnail","6":"product_cat-liny","7":"product_cat-wszystkie","9":"first","10":"instock","11":"shipping-taxable","12":"purchasable","13":"product-type-variable"},"aioseo_notices":[],"jetpack_sharing_enabled":true,"_links":{"self":[{"href":"https:\/\/sailandscience.pl\/index.php\/wp-json\/wp\/v2\/product\/286","targetHints":{"allow":["GET"]}}],"collection":[{"href":"https:\/\/sailandscience.pl\/index.php\/wp-json\/wp\/v2\/product"}],"about":[{"href":"https:\/\/sailandscience.pl\/index.php\/wp-json\/wp\/v2\/types\/product"}],"replies":[{"embeddable":true,"href":"https:\/\/sailandscience.pl\/index.php\/wp-json\/wp\/v2\/comments?post=286"}],"wp:featuredmedia":[{"embeddable":true,"href":"https:\/\/sailandscience.pl\/index.php\/wp-json\/wp\/v2\/media\/293"}],"wp:attachment":[{"href":"https:\/\/sailandscience.pl\/index.php\/wp-json\/wp\/v2\/media?parent=286"}],"wp:term":[{"taxonomy":"product_cat","embeddable":true,"href":"https:\/\/sailandscience.pl\/index.php\/wp-json\/wp\/v2\/product_cat?post=286"},{"taxonomy":"product_tag","embeddable":true,"href":"https:\/\/sailandscience.pl\/index.php\/wp-json\/wp\/v2\/product_tag?post=286"}],"curies":[{"name":"wp","href":"https:\/\/api.w.org\/{rel}","templated":true}]}}