{"id":276,"date":"2023-11-27T18:44:54","date_gmt":"2023-11-27T18:44:54","guid":{"rendered":"https:\/\/sailandscience.pl\/?post_type=product&#038;p=276"},"modified":"2023-12-01T09:14:06","modified_gmt":"2023-12-01T09:14:06","slug":"dyneema-40-mm","status":"publish","type":"product","link":"https:\/\/sailandscience.pl\/index.php\/produkt\/dyneema-40-mm\/","title":{"rendered":"Dyneema 4,0 mm"},"content":{"rendered":"<p>Bardzo \u0142atwa do szplajsowania. \u015awietnie nadaje si\u0119 te\u017c na softszekle.<\/p>\n<p>Linka krojona pod zam\u00f3wienie klienta z rolki. Cena dotyczy jednego metra bie\u017c\u0105cego.<\/p>\n<p>Konstrukcja Pleciona o 12 pokr\u0119tkach. Lina wyprodukowana w Europie zgodnie z odpowiadaj\u0105cymi normami.<\/p>\n<p>Standardowo lina dostarczana z wolnymi ko\u0144cami. Na \u017cyczenie mo\u017cliwe szplajsowanie liny.<\/p>\n<p><strong>Materia\u0142- Dyneema\u00ae D12 SK78<\/strong><\/p>\n<p><strong>Minimalna si\u0142a zrywaj\u0105ca- 13,70 kN\u00a0 (~1400\u00a0 kG)<\/strong><\/p>\n","protected":false},"excerpt":{"rendered":"<p>Bardzo \u0142atwa do szplajsowania. \u015awietnie nadaje si\u0119 te\u017c na softszekle. Linka krojona pod zam\u00f3wienie klienta z rolki. Cena dotyczy jednego metra bie\u017c\u0105cego. Konstrukcja Pleciona o 12 pokr\u0119tkach. Lina wyprodukowana w Europie zgodnie z odpowiadaj\u0105cymi normami. Standardowo lina dostarczana z wolnymi ko\u0144cami. Na \u017cyczenie mo\u017cliwe szplajsowanie liny. Materia\u0142- Dyneema\u00ae D12 SK78 Minimalna si\u0142a zrywaj\u0105ca- 13,70 kN\u00a0&hellip;<\/p>\n","protected":false},"featured_media":277,"comment_status":"open","ping_status":"closed","template":"","meta":{"_monsterinsights_skip_tracking":false,"_monsterinsights_sitenote_active":false,"_monsterinsights_sitenote_note":"","_monsterinsights_sitenote_category":0,"_uf_show_specific_survey":0,"_uf_disable_surveys":false},"product_cat":[36,16],"product_tag":[82,83],"class_list":{"0":"post-276","1":"product","2":"type-product","3":"status-publish","4":"has-post-thumbnail","6":"product_cat-liny","7":"product_cat-wszystkie","8":"product_tag-dyneema","9":"product_tag-lina","11":"first","12":"instock","13":"sale","14":"shipping-taxable","15":"purchasable","16":"product-type-variable"},"aioseo_notices":[],"jetpack_sharing_enabled":true,"_links":{"self":[{"href":"https:\/\/sailandscience.pl\/index.php\/wp-json\/wp\/v2\/product\/276","targetHints":{"allow":["GET"]}}],"collection":[{"href":"https:\/\/sailandscience.pl\/index.php\/wp-json\/wp\/v2\/product"}],"about":[{"href":"https:\/\/sailandscience.pl\/index.php\/wp-json\/wp\/v2\/types\/product"}],"replies":[{"embeddable":true,"href":"https:\/\/sailandscience.pl\/index.php\/wp-json\/wp\/v2\/comments?post=276"}],"wp:featuredmedia":[{"embeddable":true,"href":"https:\/\/sailandscience.pl\/index.php\/wp-json\/wp\/v2\/media\/277"}],"wp:attachment":[{"href":"https:\/\/sailandscience.pl\/index.php\/wp-json\/wp\/v2\/media?parent=276"}],"wp:term":[{"taxonomy":"product_cat","embeddable":true,"href":"https:\/\/sailandscience.pl\/index.php\/wp-json\/wp\/v2\/product_cat?post=276"},{"taxonomy":"product_tag","embeddable":true,"href":"https:\/\/sailandscience.pl\/index.php\/wp-json\/wp\/v2\/product_tag?post=276"}],"curies":[{"name":"wp","href":"https:\/\/api.w.org\/{rel}","templated":true}]}}