{"id":269,"date":"2023-11-27T18:21:15","date_gmt":"2023-11-27T18:21:15","guid":{"rendered":"https:\/\/sailandscience.pl\/?post_type=product&#038;p=269"},"modified":"2024-06-18T20:58:14","modified_gmt":"2024-06-18T20:58:14","slug":"dyneema-30-mm","status":"publish","type":"product","link":"https:\/\/sailandscience.pl\/index.php\/produkt\/dyneema-30-mm\/","title":{"rendered":"Dyneema 3,0 mm"},"content":{"rendered":"<p>Idealna na linki trapezowe, mocowanie bloczk\u00f3w na \u0142\u00f3dkach i regulacje na \u0142\u00f3dce (te cz\u0119\u015bci kt\u00f3rych nie ci\u0105gnie si\u0119 bezpo\u015brednio r\u0119k\u0105). Bardzo \u0142atwa do szplajsowania. \u015awietnie nadaje si\u0119 te\u017c na softszekle.<\/p>\n<p>Linka krojona pod zam\u00f3wienie klienta z rolki.\u00a0 Cena dotyczy jednego Metra bie\u017c\u0105cego.<\/p>\n<p>Konstrukcja Pleciona o 16 pokr\u0119tkach. Lina wyprodukowana w Europie zgodnie z odpowiadaj\u0105cymi normami.<\/p>\n<p>Standardowo lina dostarczana z wolnymi ko\u0144cami. Na \u017cyczenie mo\u017cliwe szplajsowanie liny.<\/p>\n<p><strong>Materia\u0142- Dyneema\u00ae SK-75<\/strong><\/p>\n<p><strong>Minimalna si\u0142a zrywaj\u0105ca- 10,30 kN\u00a0 (~1050\u00a0 kG)<\/strong><\/p>\n","protected":false},"excerpt":{"rendered":"<p>Idealna na linki trapezowe, mocowanie bloczk\u00f3w na \u0142\u00f3dkach i regulacje na \u0142\u00f3dce (te cz\u0119\u015bci kt\u00f3rych nie ci\u0105gnie si\u0119 bezpo\u015brednio r\u0119k\u0105). Bardzo \u0142atwa do szplajsowania. \u015awietnie nadaje si\u0119 te\u017c na softszekle. Linka krojona pod zam\u00f3wienie klienta z rolki.\u00a0 Cena dotyczy jednego Metra bie\u017c\u0105cego. Konstrukcja Pleciona o 16 pokr\u0119tkach. Lina wyprodukowana w Europie zgodnie z odpowiadaj\u0105cymi normami.&hellip;<\/p>\n","protected":false},"featured_media":260,"comment_status":"open","ping_status":"closed","template":"","meta":{"_monsterinsights_skip_tracking":false,"_monsterinsights_sitenote_active":false,"_monsterinsights_sitenote_note":"","_monsterinsights_sitenote_category":0,"_uf_show_specific_survey":0,"_uf_disable_surveys":false},"product_cat":[36,16],"product_tag":[],"class_list":{"0":"post-269","1":"product","2":"type-product","3":"status-publish","4":"has-post-thumbnail","6":"product_cat-liny","7":"product_cat-wszystkie","9":"first","10":"instock","11":"shipping-taxable","12":"purchasable","13":"product-type-variable"},"aioseo_notices":[],"jetpack_sharing_enabled":true,"_links":{"self":[{"href":"https:\/\/sailandscience.pl\/index.php\/wp-json\/wp\/v2\/product\/269","targetHints":{"allow":["GET"]}}],"collection":[{"href":"https:\/\/sailandscience.pl\/index.php\/wp-json\/wp\/v2\/product"}],"about":[{"href":"https:\/\/sailandscience.pl\/index.php\/wp-json\/wp\/v2\/types\/product"}],"replies":[{"embeddable":true,"href":"https:\/\/sailandscience.pl\/index.php\/wp-json\/wp\/v2\/comments?post=269"}],"wp:featuredmedia":[{"embeddable":true,"href":"https:\/\/sailandscience.pl\/index.php\/wp-json\/wp\/v2\/media\/260"}],"wp:attachment":[{"href":"https:\/\/sailandscience.pl\/index.php\/wp-json\/wp\/v2\/media?parent=269"}],"wp:term":[{"taxonomy":"product_cat","embeddable":true,"href":"https:\/\/sailandscience.pl\/index.php\/wp-json\/wp\/v2\/product_cat?post=269"},{"taxonomy":"product_tag","embeddable":true,"href":"https:\/\/sailandscience.pl\/index.php\/wp-json\/wp\/v2\/product_tag?post=269"}],"curies":[{"name":"wp","href":"https:\/\/api.w.org\/{rel}","templated":true}]}}