{"id":267,"date":"2023-11-27T18:16:27","date_gmt":"2023-11-27T18:16:27","guid":{"rendered":"https:\/\/sailandscience.pl\/?post_type=product&#038;p=267"},"modified":"2023-12-01T09:20:56","modified_gmt":"2023-12-01T09:20:56","slug":"ysm-aero-30-mm","status":"publish","type":"product","link":"https:\/\/sailandscience.pl\/index.php\/produkt\/ysm-aero-30-mm\/","title":{"rendered":"YSM Aero 3,0 mm"},"content":{"rendered":"<p>Lina \u015bwietnie sprawdzi si\u0119 we wszystkich zastosowaniach na ma\u0142ych i \u015brednich \u0142\u00f3dkach. Dzi\u0119ki swojej wytrzyma\u0142o\u015bci i \u0142atwo\u015bci w zaplataniu \u015bwietnie nada si\u0119 na softszekle, mocowania bloczk\u00f3w i tym podobne zastosowania. Konstrukcja 12-pokr\u0119tkowa. Lina w kolorze szarym.<\/p>\n<p>Lina wyprodukowana zgodnie z norm\u0105 EN ISO 10325, testowana zgodnie z EN ISO 2307. Podane si\u0142y zrywaj\u0105ce dotycz\u0105 samej liny bez zako\u0144cze\u0144 czy zaplot\u00f3w.<\/p>\n<p>Cena dotyczy jednego Metra bie\u017c\u0105cego.<\/p>\n<p>Standardowo lina dostarczana z wolnymi ko\u0144cami. Mo\u017cliwo\u015b\u0107 szplajsowania liny na \u017cyczenie.<\/p>\n<p><strong>Materia\u0142- HMPE High-Modulus Polyethylene<\/strong><\/p>\n<p><strong>Minimalna si\u0142a zrywaj\u0105ca- 11,00 kN\u00a0 (~1100 kG)<\/strong><\/p>\n","protected":false},"excerpt":{"rendered":"<p>Lina \u015bwietnie sprawdzi si\u0119 we wszystkich zastosowaniach na ma\u0142ych i \u015brednich \u0142\u00f3dkach. Dzi\u0119ki swojej wytrzyma\u0142o\u015bci i \u0142atwo\u015bci w zaplataniu \u015bwietnie nada si\u0119 na softszekle, mocowania bloczk\u00f3w i tym podobne zastosowania. Konstrukcja 12-pokr\u0119tkowa. Lina w kolorze szarym. Lina wyprodukowana zgodnie z norm\u0105 EN ISO 10325, testowana zgodnie z EN ISO 2307. Podane si\u0142y zrywaj\u0105ce dotycz\u0105 samej&hellip;<\/p>\n","protected":false},"featured_media":268,"comment_status":"open","ping_status":"closed","template":"","meta":{"_monsterinsights_skip_tracking":false,"_monsterinsights_sitenote_active":false,"_monsterinsights_sitenote_note":"","_monsterinsights_sitenote_category":0,"_uf_show_specific_survey":0,"_uf_disable_surveys":false},"product_cat":[36,16],"product_tag":[],"class_list":{"0":"post-267","1":"product","2":"type-product","3":"status-publish","4":"has-post-thumbnail","6":"product_cat-liny","7":"product_cat-wszystkie","9":"first","10":"instock","11":"shipping-taxable","12":"purchasable","13":"product-type-simple"},"aioseo_notices":[],"jetpack_sharing_enabled":true,"_links":{"self":[{"href":"https:\/\/sailandscience.pl\/index.php\/wp-json\/wp\/v2\/product\/267","targetHints":{"allow":["GET"]}}],"collection":[{"href":"https:\/\/sailandscience.pl\/index.php\/wp-json\/wp\/v2\/product"}],"about":[{"href":"https:\/\/sailandscience.pl\/index.php\/wp-json\/wp\/v2\/types\/product"}],"replies":[{"embeddable":true,"href":"https:\/\/sailandscience.pl\/index.php\/wp-json\/wp\/v2\/comments?post=267"}],"wp:featuredmedia":[{"embeddable":true,"href":"https:\/\/sailandscience.pl\/index.php\/wp-json\/wp\/v2\/media\/268"}],"wp:attachment":[{"href":"https:\/\/sailandscience.pl\/index.php\/wp-json\/wp\/v2\/media?parent=267"}],"wp:term":[{"taxonomy":"product_cat","embeddable":true,"href":"https:\/\/sailandscience.pl\/index.php\/wp-json\/wp\/v2\/product_cat?post=267"},{"taxonomy":"product_tag","embeddable":true,"href":"https:\/\/sailandscience.pl\/index.php\/wp-json\/wp\/v2\/product_tag?post=267"}],"curies":[{"name":"wp","href":"https:\/\/api.w.org\/{rel}","templated":true}]}}