{"id":220,"date":"2023-11-23T08:22:01","date_gmt":"2023-11-23T08:22:01","guid":{"rendered":"https:\/\/sailandscience.pl\/?post_type=product&#038;p=220"},"modified":"2023-11-23T08:22:01","modified_gmt":"2023-11-23T08:22:01","slug":"safety-cutter","status":"publish","type":"product","link":"https:\/\/sailandscience.pl\/index.php\/produkt\/safety-cutter\/","title":{"rendered":"Safety cutter"},"content":{"rendered":"<p>Ostrze do ci\u0119cia lin, wyposa\u017cone w pasek z rzepem. Pasuje do kamizelek Impact Vest, gdzie mo\u017ce by\u0107 schowane w specjalnej kieszonce umo\u017cliwiaj\u0105cej \u0142atwy i szybki dost\u0119p.<\/p>\n<p>Ostrze wykonane ze stali nierdzewnej.<\/p>\n<p>Kszta\u0142t i wielko\u015b\u0107 ostrza pozwalaj\u0105 na jego bezpieczne przechowywanie w ka\u017cdej kieszeni kamizelki asekuracyjnej.<\/p>\n","protected":false},"excerpt":{"rendered":"<p>Ostrze do ci\u0119cia lin, wyposa\u017cone w pasek z rzepem. Pasuje do kamizelek Impact Vest, gdzie mo\u017ce by\u0107 schowane w specjalnej kieszonce umo\u017cliwiaj\u0105cej \u0142atwy i szybki dost\u0119p. Ostrze wykonane ze stali nierdzewnej. Kszta\u0142t i wielko\u015b\u0107 ostrza pozwalaj\u0105 na jego bezpieczne przechowywanie w ka\u017cdej kieszeni kamizelki asekuracyjnej.<\/p>\n","protected":false},"featured_media":221,"comment_status":"open","ping_status":"closed","template":"","meta":{"_monsterinsights_skip_tracking":false,"_monsterinsights_sitenote_active":false,"_monsterinsights_sitenote_note":"","_monsterinsights_sitenote_category":0,"_uf_show_specific_survey":0,"_uf_disable_surveys":false},"product_cat":[16,22,32],"product_tag":[73,63,72,74],"class_list":{"0":"post-220","1":"product","2":"type-product","3":"status-publish","4":"has-post-thumbnail","6":"product_cat-wszystkie","7":"product_cat-forward-wip","8":"product_cat-akcesoria","9":"product_tag-bezpieczenstwo","10":"product_tag-forward-wip","11":"product_tag-noz","12":"product_tag-safety","14":"first","15":"instock","16":"shipping-taxable","17":"purchasable","18":"product-type-simple"},"aioseo_notices":[],"jetpack_sharing_enabled":true,"_links":{"self":[{"href":"https:\/\/sailandscience.pl\/index.php\/wp-json\/wp\/v2\/product\/220","targetHints":{"allow":["GET"]}}],"collection":[{"href":"https:\/\/sailandscience.pl\/index.php\/wp-json\/wp\/v2\/product"}],"about":[{"href":"https:\/\/sailandscience.pl\/index.php\/wp-json\/wp\/v2\/types\/product"}],"replies":[{"embeddable":true,"href":"https:\/\/sailandscience.pl\/index.php\/wp-json\/wp\/v2\/comments?post=220"}],"wp:featuredmedia":[{"embeddable":true,"href":"https:\/\/sailandscience.pl\/index.php\/wp-json\/wp\/v2\/media\/221"}],"wp:attachment":[{"href":"https:\/\/sailandscience.pl\/index.php\/wp-json\/wp\/v2\/media?parent=220"}],"wp:term":[{"taxonomy":"product_cat","embeddable":true,"href":"https:\/\/sailandscience.pl\/index.php\/wp-json\/wp\/v2\/product_cat?post=220"},{"taxonomy":"product_tag","embeddable":true,"href":"https:\/\/sailandscience.pl\/index.php\/wp-json\/wp\/v2\/product_tag?post=220"}],"curies":[{"name":"wp","href":"https:\/\/api.w.org\/{rel}","templated":true}]}}