{"id":215,"date":"2023-11-23T08:16:08","date_gmt":"2023-11-23T08:16:08","guid":{"rendered":"https:\/\/sailandscience.pl\/?post_type=product&#038;p=215"},"modified":"2023-11-23T08:16:08","modified_gmt":"2023-11-23T08:16:08","slug":"safety-knife-noz-bezpieczenstwa","status":"publish","type":"product","link":"https:\/\/sailandscience.pl\/index.php\/produkt\/safety-knife-noz-bezpieczenstwa\/","title":{"rendered":"Safety knife &#8211; n\u00f3\u017c bezpiecze\u0144stwa"},"content":{"rendered":"<p>12 cm ostrze wykonane ze stali nierdzewnej.<\/p>\n<p>Wyposa\u017cony w g\u0142adkie ostrze, z\u0105bkowane ostrze oraz &#8220;haczyk&#8221; do szybkiego ci\u0119cia liny.<\/p>\n<p>Plastikowa pochwa- bezpieczna i \u0142atwa do przyczepienia w wybranym miejscu.<\/p>\n","protected":false},"excerpt":{"rendered":"<p>12 cm ostrze wykonane ze stali nierdzewnej. Wyposa\u017cony w g\u0142adkie ostrze, z\u0105bkowane ostrze oraz &#8220;haczyk&#8221; do szybkiego ci\u0119cia liny. Plastikowa pochwa- bezpieczna i \u0142atwa do przyczepienia w wybranym miejscu.<\/p>\n","protected":false},"featured_media":218,"comment_status":"open","ping_status":"closed","template":"","meta":{"_monsterinsights_skip_tracking":false,"_monsterinsights_sitenote_active":false,"_monsterinsights_sitenote_note":"","_monsterinsights_sitenote_category":0,"_uf_show_specific_survey":0,"_uf_disable_surveys":false},"product_cat":[16,22,32],"product_tag":[73,63,72,71],"class_list":{"0":"post-215","1":"product","2":"type-product","3":"status-publish","4":"has-post-thumbnail","6":"product_cat-wszystkie","7":"product_cat-forward-wip","8":"product_cat-akcesoria","9":"product_tag-bezpieczenstwo","10":"product_tag-forward-wip","11":"product_tag-noz","12":"product_tag-saftety","14":"first","15":"instock","16":"shipping-taxable","17":"purchasable","18":"product-type-simple"},"aioseo_notices":[],"jetpack_sharing_enabled":true,"_links":{"self":[{"href":"https:\/\/sailandscience.pl\/index.php\/wp-json\/wp\/v2\/product\/215","targetHints":{"allow":["GET"]}}],"collection":[{"href":"https:\/\/sailandscience.pl\/index.php\/wp-json\/wp\/v2\/product"}],"about":[{"href":"https:\/\/sailandscience.pl\/index.php\/wp-json\/wp\/v2\/types\/product"}],"replies":[{"embeddable":true,"href":"https:\/\/sailandscience.pl\/index.php\/wp-json\/wp\/v2\/comments?post=215"}],"wp:featuredmedia":[{"embeddable":true,"href":"https:\/\/sailandscience.pl\/index.php\/wp-json\/wp\/v2\/media\/218"}],"wp:attachment":[{"href":"https:\/\/sailandscience.pl\/index.php\/wp-json\/wp\/v2\/media?parent=215"}],"wp:term":[{"taxonomy":"product_cat","embeddable":true,"href":"https:\/\/sailandscience.pl\/index.php\/wp-json\/wp\/v2\/product_cat?post=215"},{"taxonomy":"product_tag","embeddable":true,"href":"https:\/\/sailandscience.pl\/index.php\/wp-json\/wp\/v2\/product_tag?post=215"}],"curies":[{"name":"wp","href":"https:\/\/api.w.org\/{rel}","templated":true}]}}