{"id":195,"date":"2023-11-22T19:43:54","date_gmt":"2023-11-22T19:43:54","guid":{"rendered":"https:\/\/sailandscience.pl\/?post_type=product&#038;p=195"},"modified":"2026-04-10T13:07:06","modified_gmt":"2026-04-10T13:07:06","slug":"kamizelka-flow-neo","status":"publish","type":"product","link":"https:\/\/sailandscience.pl\/index.php\/produkt\/kamizelka-flow-neo\/","title":{"rendered":"Kamizelka Flow Neo"},"content":{"rendered":"<p>Cienka i elastyczna kamizelka 50N posiadaj\u0105ca najwa\u017cniejsze certyfikaty (EN ISO 12402-5).<\/p>\n<p>Kamizelka zapewnia ochron\u0119 przy uderzeniach o wod\u0119 i komfort podczas u\u017cytkowania. Wykonana z elastycznego neoprenu pozwala na pe\u0142en zakres ruchu- zero ogranicze\u0144.<\/p>\n<p>Zaprojektowana do u\u017cytku z pasami trapezowymi (kite, wind, i \u017ceglarskimi) posiada dodatkowy pasek zapobiegaj\u0105cy podchodzeniu w g\u00f3r\u0119 po przymocowaniu go do haka.<\/p>\n<p>Regulowany pasek pozwala na regulacj\u0119 wielko\u015bci do osi\u0105gni\u0119cia idealnego przypasowania.<\/p>\n<p>Posiada dwie kieszenie:<\/p>\n<ul>\n<li>Du\u017c\u0105, zapinan\u0105 na zamek z przodu,<\/li>\n<li>Ma\u0142\u0105 na ramieniu na system komunikacji (np. BBTalk)<\/li>\n<\/ul>\n<p><img loading=\"lazy\" decoding=\"async\" class=\"alignnone size-medium wp-image-212\" src=\"http:\/\/sailandscience.pl\/wp-content\/uploads\/2023\/11\/wip-vest-size-chart-300x207.png\" alt=\"\" width=\"300\" height=\"207\" srcset=\"https:\/\/sailandscience.pl\/wp-content\/uploads\/2023\/11\/wip-vest-size-chart-300x207.png 300w, https:\/\/sailandscience.pl\/wp-content\/uploads\/2023\/11\/wip-vest-size-chart-768x529.png 768w, https:\/\/sailandscience.pl\/wp-content\/uploads\/2023\/11\/wip-vest-size-chart-600x413.png 600w, https:\/\/sailandscience.pl\/wp-content\/uploads\/2023\/11\/wip-vest-size-chart.png 835w\" sizes=\"auto, (max-width: 300px) 100vw, 300px\" \/><\/p>\n<div class=\"tab\" data-tab=\"description\"><\/div>\n","protected":false},"excerpt":{"rendered":"<p>Cienka i elastyczna kamizelka 50N posiadaj\u0105ca najwa\u017cniejsze certyfikaty (EN ISO 12402-5). Kamizelka zapewnia ochron\u0119 przy uderzeniach o wod\u0119 i komfort podczas u\u017cytkowania. Wykonana z elastycznego neoprenu pozwala na pe\u0142en zakres ruchu- zero ogranicze\u0144. Zaprojektowana do u\u017cytku z pasami trapezowymi (kite, wind, i \u017ceglarskimi) posiada dodatkowy pasek zapobiegaj\u0105cy podchodzeniu w g\u00f3r\u0119 po przymocowaniu go do haka.&hellip;<\/p>\n","protected":false},"featured_media":206,"comment_status":"open","ping_status":"closed","template":"","meta":{"_monsterinsights_skip_tracking":false,"_monsterinsights_sitenote_active":false,"_monsterinsights_sitenote_note":"","_monsterinsights_sitenote_category":0,"_uf_show_specific_survey":0,"_uf_disable_surveys":false},"product_cat":[16,22,26],"product_tag":[63,68,67,69,60,70,58],"class_list":{"0":"post-195","1":"product","2":"type-product","3":"status-publish","4":"has-post-thumbnail","6":"product_cat-wszystkie","7":"product_cat-forward-wip","8":"product_cat-kamizelki","9":"product_tag-forward-wip","10":"product_tag-impact-vest","11":"product_tag-kamizelka","12":"product_tag-wind-foil","13":"product_tag-windfoil","14":"product_tag-wing-foil","15":"product_tag-wingfoil","17":"first","18":"instock","19":"sale","20":"shipping-taxable","21":"purchasable","22":"product-type-variable","23":"has-default-attributes"},"aioseo_notices":[],"jetpack_sharing_enabled":true,"_links":{"self":[{"href":"https:\/\/sailandscience.pl\/index.php\/wp-json\/wp\/v2\/product\/195","targetHints":{"allow":["GET"]}}],"collection":[{"href":"https:\/\/sailandscience.pl\/index.php\/wp-json\/wp\/v2\/product"}],"about":[{"href":"https:\/\/sailandscience.pl\/index.php\/wp-json\/wp\/v2\/types\/product"}],"replies":[{"embeddable":true,"href":"https:\/\/sailandscience.pl\/index.php\/wp-json\/wp\/v2\/comments?post=195"}],"wp:featuredmedia":[{"embeddable":true,"href":"https:\/\/sailandscience.pl\/index.php\/wp-json\/wp\/v2\/media\/206"}],"wp:attachment":[{"href":"https:\/\/sailandscience.pl\/index.php\/wp-json\/wp\/v2\/media?parent=195"}],"wp:term":[{"taxonomy":"product_cat","embeddable":true,"href":"https:\/\/sailandscience.pl\/index.php\/wp-json\/wp\/v2\/product_cat?post=195"},{"taxonomy":"product_tag","embeddable":true,"href":"https:\/\/sailandscience.pl\/index.php\/wp-json\/wp\/v2\/product_tag?post=195"}],"curies":[{"name":"wp","href":"https:\/\/api.w.org\/{rel}","templated":true}]}}