{"id":153,"date":"2023-11-15T17:35:09","date_gmt":"2023-11-15T17:35:09","guid":{"rendered":"https:\/\/sailandscience.pl\/?post_type=product&#038;p=153"},"modified":"2026-03-12T13:58:05","modified_gmt":"2026-03-12T13:58:05","slug":"neo-long-john-3-2mm","status":"publish","type":"product","link":"https:\/\/sailandscience.pl\/index.php\/produkt\/neo-long-john-3-2mm\/","title":{"rendered":"Neo Long John 3\/2mm"},"content":{"rendered":"<p>Perforowany neopren o grubo\u015bci 3\/2 mm zapewnia maksymaln\u0105 elastyczno\u015b\u0107 i przepuszczalno\u015b\u0107 powietrza.<\/p>\n<p>Zintegrowane panele ochronne w kluczowych miejscach zapewniaj\u0105 ochron\u0119 przed urazami przy uderzeniach.<\/p>\n<p>Ochraniacze na kolana pokryte gum\u0105 dla odpowiedniego trzymania i tarcia.<\/p>\n<p>Materia\u0142 odporny na \u015bcieranie w miejscach najbardziej nara\u017conych na zu\u017cycie daj\u0105 gwarancj\u0119 wytrzyma\u0142o\u015bci nawet w najbardziej wymagaj\u0105cych warunkach.<\/p>\n<p>Pasek na kostce- gwarantuje szczelno\u015b\u0107 i brak podwijania si\u0119 nogawek przy kontakcie z wod\u0105.<\/p>\n<p>Rozporek- dyskretne i funkcjonalne rozwi\u0105zanie na d\u0142u\u017csze sesje treningowe.<\/p>\n<p><iframe loading=\"lazy\" title=\"Neo Long John 3mm + 3DS Neo Top 3mm | WIP\" width=\"1140\" height=\"641\" src=\"https:\/\/www.youtube.com\/embed\/9ZuWh99iYxg?feature=oembed\" frameborder=\"0\" allow=\"accelerometer; autoplay; clipboard-write; encrypted-media; gyroscope; picture-in-picture; web-share\" allowfullscreen><\/iframe><\/p>\n","protected":false},"excerpt":{"rendered":"<p>Perforowany neopren o grubo\u015bci 3\/2 mm zapewnia maksymaln\u0105 elastyczno\u015b\u0107 i przepuszczalno\u015b\u0107 powietrza. Zintegrowane panele ochronne w kluczowych miejscach zapewniaj\u0105 ochron\u0119 przed urazami przy uderzeniach. Ochraniacze na kolana pokryte gum\u0105 dla odpowiedniego trzymania i tarcia. Materia\u0142 odporny na \u015bcieranie w miejscach najbardziej nara\u017conych na zu\u017cycie daj\u0105 gwarancj\u0119 wytrzyma\u0142o\u015bci nawet w najbardziej wymagaj\u0105cych warunkach. Pasek na kostce-&hellip;<\/p>\n","protected":false},"featured_media":164,"comment_status":"open","ping_status":"closed","template":"","meta":{"_monsterinsights_skip_tracking":false,"_monsterinsights_sitenote_active":false,"_monsterinsights_sitenote_note":"","_monsterinsights_sitenote_category":0,"_uf_show_specific_survey":0,"_uf_disable_surveys":false},"product_cat":[16,22,27],"product_tag":[63,65,64],"class_list":{"0":"post-153","1":"product","2":"type-product","3":"status-publish","4":"has-post-thumbnail","6":"product_cat-wszystkie","7":"product_cat-forward-wip","8":"product_cat-pianki","9":"product_tag-forward-wip","10":"product_tag-long-john","11":"product_tag-pianka","13":"first","14":"instock","15":"sale","16":"shipping-taxable","17":"purchasable","18":"product-type-variable"},"aioseo_notices":[],"jetpack_sharing_enabled":true,"_links":{"self":[{"href":"https:\/\/sailandscience.pl\/index.php\/wp-json\/wp\/v2\/product\/153","targetHints":{"allow":["GET"]}}],"collection":[{"href":"https:\/\/sailandscience.pl\/index.php\/wp-json\/wp\/v2\/product"}],"about":[{"href":"https:\/\/sailandscience.pl\/index.php\/wp-json\/wp\/v2\/types\/product"}],"replies":[{"embeddable":true,"href":"https:\/\/sailandscience.pl\/index.php\/wp-json\/wp\/v2\/comments?post=153"}],"wp:featuredmedia":[{"embeddable":true,"href":"https:\/\/sailandscience.pl\/index.php\/wp-json\/wp\/v2\/media\/164"}],"wp:attachment":[{"href":"https:\/\/sailandscience.pl\/index.php\/wp-json\/wp\/v2\/media?parent=153"}],"wp:term":[{"taxonomy":"product_cat","embeddable":true,"href":"https:\/\/sailandscience.pl\/index.php\/wp-json\/wp\/v2\/product_cat?post=153"},{"taxonomy":"product_tag","embeddable":true,"href":"https:\/\/sailandscience.pl\/index.php\/wp-json\/wp\/v2\/product_tag?post=153"}],"curies":[{"name":"wp","href":"https:\/\/api.w.org\/{rel}","templated":true}]}}