{"id":123,"date":"2023-11-15T14:58:09","date_gmt":"2023-11-15T14:58:09","guid":{"rendered":"https:\/\/sailandscience.pl\/?post_type=product&#038;p=123"},"modified":"2025-01-22T08:30:46","modified_gmt":"2025-01-22T08:30:46","slug":"kask-wiflex","status":"publish","type":"product","link":"https:\/\/sailandscience.pl\/index.php\/produkt\/kask-wiflex\/","title":{"rendered":"Kask Wiflex"},"content":{"rendered":"<p>Najl\u017cejszy kask na rynku, spe\u0142niaj\u0105cy wymagane na regatach normy UE 2016\/425 i EN1385 04\/2012.<\/p>\n<p>Najcz\u0119\u015bciej stosowany na deskach na foilu z \u017caglem, kitem i wingiem, \u015bwietnie sprawdzi si\u0119 r\u00f3wnie\u017c na klasach High Performance (skiffy i katamarany)<\/p>\n<p>Wa\u017cy tylko 170 gram\u00f3w! Zapomnisz \u017ce masz go na g\u0142owie.<\/p>\n<p>Regulacja wielko\u015bci<em>\u00a0Zone Flex<\/em>\u2013 szeroki zakres regulacji.<\/p>\n<p>Kask nie posiada nausznik\u00f3w, s\u0105 one sprzedawane osobno!<\/p>\n","protected":false},"excerpt":{"rendered":"<p>Najl\u017cejszy kask na rynku, spe\u0142niaj\u0105cy wymagane na regatach normy UE 2016\/425 i EN1385 04\/2012. Najcz\u0119\u015bciej stosowany na deskach na foilu z \u017caglem, kitem i wingiem, \u015bwietnie sprawdzi si\u0119 r\u00f3wnie\u017c na klasach High Performance (skiffy i katamarany) Wa\u017cy tylko 170 gram\u00f3w! Zapomnisz \u017ce masz go na g\u0142owie. Regulacja wielko\u015bci\u00a0Zone Flex\u2013 szeroki zakres regulacji. Kask nie posiada&hellip;<\/p>\n","protected":false},"featured_media":126,"comment_status":"open","ping_status":"closed","template":"","meta":{"_monsterinsights_skip_tracking":false,"_monsterinsights_sitenote_active":false,"_monsterinsights_sitenote_note":"","_monsterinsights_sitenote_category":0,"_uf_show_specific_survey":0,"_uf_disable_surveys":false},"product_cat":[16,22,25],"product_tag":[38,53,59,61,60,58],"class_list":{"0":"post-123","1":"product","2":"type-product","3":"status-publish","4":"has-post-thumbnail","6":"product_cat-wszystkie","7":"product_cat-forward-wip","8":"product_cat-glowa","9":"product_tag-a-class","10":"product_tag-kask","11":"product_tag-kite-foil","12":"product_tag-moth","13":"product_tag-windfoil","14":"product_tag-wingfoil","16":"first","17":"instock","18":"shipping-taxable","19":"purchasable","20":"product-type-variable"},"aioseo_notices":[],"jetpack_sharing_enabled":true,"_links":{"self":[{"href":"https:\/\/sailandscience.pl\/index.php\/wp-json\/wp\/v2\/product\/123","targetHints":{"allow":["GET"]}}],"collection":[{"href":"https:\/\/sailandscience.pl\/index.php\/wp-json\/wp\/v2\/product"}],"about":[{"href":"https:\/\/sailandscience.pl\/index.php\/wp-json\/wp\/v2\/types\/product"}],"replies":[{"embeddable":true,"href":"https:\/\/sailandscience.pl\/index.php\/wp-json\/wp\/v2\/comments?post=123"}],"wp:featuredmedia":[{"embeddable":true,"href":"https:\/\/sailandscience.pl\/index.php\/wp-json\/wp\/v2\/media\/126"}],"wp:attachment":[{"href":"https:\/\/sailandscience.pl\/index.php\/wp-json\/wp\/v2\/media?parent=123"}],"wp:term":[{"taxonomy":"product_cat","embeddable":true,"href":"https:\/\/sailandscience.pl\/index.php\/wp-json\/wp\/v2\/product_cat?post=123"},{"taxonomy":"product_tag","embeddable":true,"href":"https:\/\/sailandscience.pl\/index.php\/wp-json\/wp\/v2\/product_tag?post=123"}],"curies":[{"name":"wp","href":"https:\/\/api.w.org\/{rel}","templated":true}]}}