{"id":1069,"date":"2026-02-18T11:39:11","date_gmt":"2026-02-18T11:39:11","guid":{"rendered":"https:\/\/sailandscience.pl\/?post_type=product&#038;p=1069"},"modified":"2026-02-18T11:48:09","modified_gmt":"2026-02-18T11:48:09","slug":"guma-dyneema-4mm-gottifredi-maffioli","status":"publish","type":"product","link":"https:\/\/sailandscience.pl\/index.php\/produkt\/guma-dyneema-4mm-gottifredi-maffioli\/","title":{"rendered":"Guma w oplocie z Dyneemy 4mm, Gottifredi Maffioli"},"content":{"rendered":"<p data-start=\"257\" data-end=\"327\"><strong data-start=\"257\" data-end=\"327\">Ultra wytrzyma\u0142a guma \u017ceglarska w oplocie Dyneema<strong class=\"Yjhzub\">\u00ae<\/strong> Gottifredi Maffioli<\/strong><\/p>\n<p data-start=\"329\" data-end=\"669\">Guma w oplocie Dyneema\u00ae marki <a href=\"https:\/\/www.gottifredimaffioli.com\/en\/products\/marine\/accessories\/\"><strong data-start=\"345\" data-end=\"368\">Gottifredi Maffioli<\/strong><\/a> to wysokiej jako\u015bci lina elastyczna przeznaczona do zastosowa\u0144 \u017ceglarskich. Wyr\u00f3\u017cnia si\u0119 ekstremaln\u0105 odporno\u015bci\u0105 na rozci\u0105ganie, \u015bcieranie oraz dzia\u0142anie warunk\u00f3w atmosferycznych (UV), dzi\u0119ki czemu sprawdza si\u0119 w najbardziej wymagaj\u0105cych elementach na pok\u0142adzie jachtu.<\/p>\n<p data-start=\"671\" data-end=\"1003\">Rdze\u0144 z elastycznego lateksu zapewnia spr\u0119\u017cysto\u015b\u0107 i szybki powr\u00f3t do pierwotnego kszta\u0142tu, natomiast wytrzyma\u0142y oplot z Dyneema\u00ae chroni przed przetarciami oraz promieniowaniem UV. Guma Gottifredi Maffioli zachowuje swoje w\u0142a\u015bciwo\u015bci nawet przy d\u0142ugotrwa\u0142ej ekspozycji na s\u0142o\u0144ce i wilgo\u0107, oferuj\u0105c niezawodne dzia\u0142anie w ka\u017cdych warunkach.<\/p>\n<p data-start=\"671\" data-end=\"1003\">Guma w kolorze bia\u0142ym.<\/p>\n<p data-start=\"1005\" data-end=\"1029\"><strong data-start=\"1005\" data-end=\"1029\">Najwa\u017cniejsze cechy:<\/strong><\/p>\n<ul data-start=\"1030\" data-end=\"1297\">\n<li data-start=\"1030\" data-end=\"1067\">\n<p data-start=\"1032\" data-end=\"1067\">wysoka elastyczno\u015b\u0107 i spr\u0119\u017cysto\u015b\u0107<\/p>\n<\/li>\n<li data-start=\"1068\" data-end=\"1109\">\n<p data-start=\"1070\" data-end=\"1109\">szybki powr\u00f3t do pierwotnego kszta\u0142tu<\/p>\n<\/li>\n<li data-start=\"1110\" data-end=\"1156\">\n<p data-start=\"1112\" data-end=\"1156\">wybitna odporno\u015b\u0107 na \u015bcieranie i promieniowanie UV<\/p>\n<\/li>\n<li data-start=\"1157\" data-end=\"1199\">\n<p data-start=\"1159\" data-end=\"1199\">oplot Dyneema\u00ae chroni\u0105cy rdze\u0144 lateksowy<\/p>\n<\/li>\n<li data-start=\"1200\" data-end=\"1245\">\n<p data-start=\"1202\" data-end=\"1245\">stabilne w\u0142a\u015bciwo\u015bci w warunkach morskich<\/p>\n<\/li>\n<li data-start=\"1246\" data-end=\"1297\">\n<p data-start=\"1248\" data-end=\"1297\">najwy\u017csza jako\u015b\u0107 wykonania<\/p>\n<\/li>\n<\/ul>\n<p><strong>Kupuj\u0105c 1 szt. produktu otrzymasz 1m liny. Lina zostanie dostarczona w jednym odcinku.<\/strong><\/p>\n","protected":false},"excerpt":{"rendered":"<p>Guma w oplocie Dyneema, marki Gottifredi Maffioli<\/p>\n","protected":false},"featured_media":1068,"comment_status":"closed","ping_status":"closed","template":"","meta":{"_monsterinsights_skip_tracking":false,"_monsterinsights_sitenote_active":false,"_monsterinsights_sitenote_note":"","_monsterinsights_sitenote_category":0,"_uf_show_specific_survey":0,"_uf_disable_surveys":false},"product_cat":[159,36,16],"product_tag":[160,92],"class_list":{"0":"post-1069","1":"product","2":"type-product","3":"status-publish","4":"has-post-thumbnail","6":"product_cat-gottifredi-maffioli","7":"product_cat-liny","8":"product_cat-wszystkie","9":"product_tag-gottifredimaffioli","10":"product_tag-guma","12":"first","13":"instock","14":"shipping-taxable","15":"purchasable","16":"product-type-simple"},"aioseo_notices":[],"jetpack_sharing_enabled":true,"_links":{"self":[{"href":"https:\/\/sailandscience.pl\/index.php\/wp-json\/wp\/v2\/product\/1069","targetHints":{"allow":["GET"]}}],"collection":[{"href":"https:\/\/sailandscience.pl\/index.php\/wp-json\/wp\/v2\/product"}],"about":[{"href":"https:\/\/sailandscience.pl\/index.php\/wp-json\/wp\/v2\/types\/product"}],"replies":[{"embeddable":true,"href":"https:\/\/sailandscience.pl\/index.php\/wp-json\/wp\/v2\/comments?post=1069"}],"wp:featuredmedia":[{"embeddable":true,"href":"https:\/\/sailandscience.pl\/index.php\/wp-json\/wp\/v2\/media\/1068"}],"wp:attachment":[{"href":"https:\/\/sailandscience.pl\/index.php\/wp-json\/wp\/v2\/media?parent=1069"}],"wp:term":[{"taxonomy":"product_cat","embeddable":true,"href":"https:\/\/sailandscience.pl\/index.php\/wp-json\/wp\/v2\/product_cat?post=1069"},{"taxonomy":"product_tag","embeddable":true,"href":"https:\/\/sailandscience.pl\/index.php\/wp-json\/wp\/v2\/product_tag?post=1069"}],"curies":[{"name":"wp","href":"https:\/\/api.w.org\/{rel}","templated":true}]}}