{"id":3,"date":"2023-11-08T14:40:17","date_gmt":"2023-11-08T14:40:17","guid":{"rendered":"http:\/\/sailandscience.pl\/?page_id=3"},"modified":"2023-12-29T08:39:57","modified_gmt":"2023-12-29T08:39:57","slug":"privacy-policy","status":"publish","type":"page","link":"https:\/\/sailandscience.pl\/index.php\/privacy-policy\/","title":{"rendered":"Polityka Prywatno\u015bci"},"content":{"rendered":"<p class=\"has-large-font-size\">Informacje Og\u00f3lne<\/p><p>Niniejszy dokument zawiera informacje dotycz\u0105ce przetwarzania Pa\u0144stwa danych osobowych przez &#8220;Tymoteusz Bendyk Sail &amp; Science&#8221;.<\/p><p>Administratorem jest Tymoteusz Bendyk Sail &amp; Science z siedzib\u0105 w Gdyni (81-524), ul. \u015awi\u0119tope\u0142ka 45 , REGON:&nbsp;364580231, NIP: 5862265242.<\/p><p>Administrator zbiera Pa\u0144stwa dane osobowe wy\u0142\u0105cznie dla oznaczonych, zgodnych z prawem cel\u00f3w, przetwarza je zgodnie z prawem i nie poddaje dalszemu przetwarzaniu niezgodnie z tymi celami. Dane s\u0105 zbierane wy\u0142\u0105cznie w adekwatnym, niezb\u0119dnym i koniecznym zakresie w stosunku do cel\u00f3w, w jakich s\u0105 przetwarzane.<\/p><p>Administrator nie przetwarza szczeg\u00f3lnych kategorii danych. Administrator dok\u0142ada wszelkich stara\u0144, aby chroni\u0107 dane przed nieuprawnionym dost\u0119pem os\u00f3b trzecich i w tym zakresie stosuje organizacyjne i techniczne \u015brodki bezpiecze\u0144stwa na wysokim poziomie. Administrator nie udost\u0119pnia danych \u017cadnym nieuprawnionym do tego zgodnie z bezwzgl\u0119dnie obowi\u0105zuj\u0105cymi w tym zakresie przepisami prawa odbiorcom.<\/p><p>W sprawach dotycz\u0105cych ochrony danych osobowych oraz korzystania z praw zwi\u0105zanych z przetwarzaniem tych danych prosimy o kontakt poprzez nast\u0119puj\u0105ce kana\u0142y komunikacji:<\/p><p>\u2013 forma pisemna: Tymoteusz Bendyk Sail &amp; Science z siedzib\u0105 w Gdyni (81-524), ul. \u015awi\u0119tope\u0142ka 45.<\/p><p>\u2013 poczta elektroniczna: sailandscience@gmail.com<\/p><p class=\"has-large-font-size\">W jakich celach przetwarzane s\u0105 Pa\u0144stwa dane osobowe?<\/p><p>Pa\u0144stwa dane osobowe przetwarzane s\u0105 przede wszystkim w celach zwi\u0105zanych z obs\u0142ug\u0105 procesu sprzeda\u017cy, w zakresie w jakim jest ona niezb\u0119dna dla zrealizowania zam\u00f3wienia, wystawienia dokumentu sprzeda\u017cy, korekt, realizacji p\u0142atno\u015bci oraz dostawy jak r\u00f3wnie\u017c procesu reklamacji czy te\u017c ewentualnego dochodzenia nale\u017cno\u015bci.<\/p><p>Ponadto, w razie wyra\u017cenia przez Pa\u0144stwa dodatkowych zg\u00f3d, b\u0119dziemy uprawnieni do przetwarzania Pa\u0144stwa danych dla cel\u00f3w marketingowych, w celu kontaktu telefonicznego i mailowego w celach marketingowych, w postaci np. przesy\u0142aniu Pa\u0144stwa ofert dotycz\u0105cych promocji, newsletter\u00f3w, wyprzeda\u017cy itp.<\/p><p class=\"has-large-font-size\">W jakim zakresie s\u0105 gromadzone Pa\u0144stwa dane osobowe?<\/p><p>Dane osobowe zbierane przez Administratora to:<br>\u2013 imi\u0119 i nazwisko<br>\u2013 adres wysy\u0142ki<br>\u2013 adres e-mail<br>\u2013 numer telefonu<\/p><p class=\"has-large-font-size\">Przez jaki okres b\u0119d\u0105 przechowywane Pa\u0144stwa dane osobowe?<\/p><p>Dane przetwarzane w celach obs\u0142ugi sprzeda\u017cy b\u0119d\u0105 przetwarzane przez okres, w kt\u00f3rym us\u0142ugi te b\u0119d\u0105 \u015bwiadczone oraz, w uzasadnionych wypadkach, po zako\u0144czeniu ich \u015bwiadczenia, jednak wy\u0142\u0105cznie je\u017celi jest dozwolone lub wymagane w \u015bwietle obowi\u0105zuj\u0105cego prawa np. przetwarzanie w celu dochodzenia roszcze\u0144. W takim przypadku dane b\u0119d\u0105 przetwarzane jedynie przez okres niezb\u0119dny do realizacji odpowiednich cel\u00f3w.<\/p><p>Dane wykorzystywane w celach marketingowych b\u0119d\u0105 za\u015b przetwarzane do momentu wycofania przez Pa\u0144stwa zgody na takie ich przetwarzanie.<\/p><p class=\"has-large-font-size\">Jakie s\u0105 podstawy prawne przetwarzania Pa\u0144stwa danych osobowych?<\/p><p>Podstaw\u0105 prawn\u0105 przetwarzania danych osobowych w celu obs\u0142ugi procesu sprzeda\u017cy jest art. 6 ust. 1 lit b Rozporz\u0105dzenia Parlamentu Europejskiego i Rady (UE) 2016\/679 z dnia 27 kwietnia 2016 r. w sprawie ochrony os\u00f3b fizycznych w zwi\u0105zku z przetwarzaniem danych osobowych i w sprawie swobodnego przep\u0142ywu takich danych oraz uchylenia dyrektywy 95\/46\/WE \u2013 \u201eRODO\u201d) \u2013 przetwarzanie jest niezb\u0119dne do wykonania umowy, kt\u00f3rej stron\u0105 jest osoba, kt\u00f3rej dane dotycz\u0105, lub do podj\u0119cia dzia\u0142a\u0144 na \u017c\u0105danie osoby, kt\u00f3rej dane dotycz\u0105, przed zawarciem umowy.<\/p><p>Podstaw\u0105 prawn\u0105 przetwarzania Pa\u0144stwa danych w celach marketingowych jest Pa\u0144stwa dobrowolna zgoda na przetwarzanie danych, zgodnie z art. 6 ust. 1 lit a RODO \u2013 osoba, kt\u00f3rej dane dotycz\u0105 wyrazi\u0142a zgod\u0119 na przetwarzanie swoich danych osobowych w jednym lub wi\u0119kszej liczbie okre\u015blonych cel\u00f3w.<\/p><p class=\"has-large-font-size\">Dlaczego niezb\u0119dne jest wyra\u017cenie przez Pa\u0144stwa zgody?<\/p><p>Podanie danych w celu realizacji sprzeda\u017cy przez Tymoteusz Bendyk Sail &amp; Science z siedzib\u0105 w Gdyni jest niezb\u0119dne do \u015bwiadczenia tych us\u0142ug. W przypadku niepodania tych danych us\u0142uga nie b\u0119dzie mog\u0142a by\u0107 na Pa\u0144stwa rzecz \u015bwiadczona.<\/p><p>Wyra\u017cenie przez Pa\u0144stwa zgody na przetwarzanie danych osobowych w celach marketingowych jest dobrowolne. W przypadku niewyra\u017cenia zgody na przetwarzanie danych osobowych Pa\u0144stwa dane osobowe nie b\u0119d\u0105 przetwarzane w tym celu przez Tymoteusz Bendyk Sail &amp; Science.<\/p><p class=\"has-large-font-size\">Do jakich odbiorc\u00f3w przekazywane b\u0119d\u0105 Pa\u0144stwa dane osobowe?<\/p><p>Administrator udost\u0119pnia lub przekazuje Pa\u0144stwa dane osobowe wy\u0142\u0105cznie gdy zezwalaj\u0105 na to przepisy prawa. Powierzenie Pa\u0144stwa danych do przetwarzania nast\u0119puje w drodze stosownej umowy zawieranej z podmiotem trzecim, kt\u00f3ra przewiduje postanowienia i mechanizmy bezpiecze\u0144stwa oraz zachowania standard\u00f3w ochrony danych. Tymoteusz Bendyk Sail &amp; Science ma r\u00f3wnie\u017c prawo udost\u0119pnienia informacji w zakresie Pa\u0144stwa danych osobowych w\u0142a\u015bciwym uprawnionym organom lub osobom trzecim, kt\u00f3re zg\u0142osz\u0105 \u017c\u0105danie udzielenia takich informacji w granicach obowi\u0105zuj\u0105cego prawa.<\/p><p>Odbiorcami danych osobowych, kt\u00f3re Tymoteusz Bendyk Sail &amp; Science jako administrator przetwarza s\u0105:<br>\u2013 podmioty \u015bwiadcz\u0105ce us\u0142ugi dostawy towar\u00f3w, w tym firmy pocztowe oraz kurierskie w zwi\u0105zku z realizacj\u0105 zam\u00f3wienia,<br>\u2013 podmioty wykonuj\u0105ce czynno\u015bci zwi\u0105zane z realizacj\u0105 p\u0142atno\u015bci, w szczeg\u00f3lno\u015bci banki oraz operatorzy p\u0142atno\u015bci,<br>\u2013 podmioty \u015bwiadcz\u0105ce us\u0142ug hostingowe na rzecz Tymoteusz Bendyk Sail &amp; Science,<br>\u2013 podmioty \u015bwiadcz\u0105ce us\u0142ug ksi\u0119gowe, prawne, podatkowe oraz zwi\u0105zane z windykacj\u0105 nale\u017cno\u015bci,<\/p><p>Jednocze\u015bnie zwracamy uwag\u0119, \u017ce Pa\u0144stwa dane osobowe b\u0119d\u0105 przekazywane wy\u0142\u0105cznie w takim zakresie, w jakim jest to rzeczywi\u015bcie niez\u0119bne dla osi\u0105gni\u0119cia danego celu.<\/p><p>Pa\u0144stwa dane osobowe nie b\u0119d\u0105 przekazywane poza Europejski Obszar Gospodarczy.<\/p><p class=\"has-large-font-size\">Jakie s\u0105 Pa\u0144stwa prawa zwi\u0105zane z przetwarzaniem danych osobowych?<\/p><p>Przys\u0142uguj\u0105 Pa\u0144stwo nast\u0119puj\u0105ce prawa w zwi\u0105zku z przetwarzaniem danych osobowych:<\/p><p>a) prawo dost\u0119pu do danych, w tym uzyskania kopii danych,<\/p><p>Maj\u0105 Pa\u0144stwo prawo za\u017c\u0105da\u0107 otrzymania potwierdzenia, czy przetwarzamy jakiekolwiek Pa\u0144stwa dane osobowe. W niekt\u00f3rych przypadkach mog\u0105 Pa\u0144stwo za\u017c\u0105da\u0107 otrzymania do nas elektronicznej kopii danych.<\/p><p>b) prawo \u017c\u0105dania sprostowania danych,<\/p><p>Je\u017celi zidentyfikuj\u0105 Pa\u0144stwo,\u017ce posiadane przez nas dane osobowe s\u0105 nieprawid\u0142owe,mog\u0105 Pa\u0144stwo zwr\u00f3ci\u0107 si\u0119 o ich aktualizacj\u0119 lub jak\u0105kolwiek popraw\u0119 tych danych osobowych.<\/p><p>c) prawo do usuni\u0119cia danych,<\/p><p>W niekt\u00f3rych okoliczno\u015bciach maj\u0105 Pa\u0144stwo prawo zwr\u00f3ci\u0107 si\u0119 z pro\u015bb\u0105, aby\u015bmy ograniczyli zakres przetwarzania danych osobowych lub usun\u0119li Pa\u0144stwa dane osobowe. Mo\u017cna tego dokona\u0107 w ka\u017cdym momencie, a Administrator oceni, czy Pa\u0144stwa pro\u015bba zostanie zrealizowana, jednak\u017ce prawo do usuni\u0119cia danych mo\u017ce podlega\u0107 szczeg\u00f3lnym regulacjom w zakresie przechowywania tych danych. W przypadku, gdy Pa\u0144stwa \u017c\u0105danie b\u0119dzie zgodne z prawem Administrator usunie te dane bez zb\u0119dnej zw\u0142oki.<\/p><p>d) prawo wniesienia skargi do organu nadzorczego zajmuj\u0105cego si\u0119 ochron\u0105 danych osobowych,<\/p><p>Je\u015bli przetwarzanie Pa\u0144stwa danych przez Administratora odbywa si\u0119 w ramach uzasadnionych interes\u00f3w (i nie jest zwi\u0105zane z jak\u0105kolwiek inn\u0105 podstaw\u0105 prawn\u0105 do przetwarzania danych) lub wi\u0105\u017ce si\u0119 z marketingiem bezpo\u015brednim, maj\u0105 Pa\u0144stwo prawo wnie\u015b\u0107 sprzeciw dotycz\u0105cy przetwarzania Pa\u0144stwa danych przez Sp\u00f3\u0142k\u0119,odnosz\u0105c si\u0119 do konkretnej sytuacji.<\/p><p>e) prawo do ograniczenia przetwarzania danych.<\/p><p>W ka\u017cdej chwili mog\u0105 ograniczy\u0107 Pa\u0144stwo zakres, w jaki dane osobowe s\u0105 przetwarzane przez Administratora, poprzez zmniejszenie zakresu, w jakim mo\u017ce on te dane przetwarza\u0107.<br>W celu skorzystania z powy\u017cszych praw udost\u0119pniamy nast\u0119puj\u0105ce kana\u0142y komunikacji:<\/p><p>\u2013 forma pisemna: Tymoteusz Bendyk Sail &amp; Science z siedzib\u0105 w Gdyni (81-524), ul. \u015awi\u0119tope\u0142ka 45.<\/p><p>\u2013 poczta elektroniczna: sailandscience@gmail.com<\/p><p class=\"has-large-font-size\">Informacje o prawie wniesienia skargi do organu nadzorczego<\/p><p>Maj\u0105 Pa\u0144stwo prawo wniesienia skargi do Prezesa Urz\u0119du Ochrony Danych Osobowych. Wi\u0119cej informacji na stronie www urz\u0119du pod adresem https:\/\/uodo.gov.pl\/.<\/p><p class=\"has-large-font-size\">Bezpiecze\u0144stwo danych osobowych<\/p><p>Przestrzegamy \u015bcis\u0142ych procedur bezpiecze\u0144stwa dotycz\u0105cych przechowywania i ujawniania danych osobowych u\u017cytkownika, kt\u00f3rych celem jest r\u00f3wnie\u017c ochrona danych przed przypadkow\u0105 utrat\u0105, zniszczeniem lub uszkodzeniem.<\/p>","protected":false},"excerpt":{"rendered":"<p>Informacje Og\u00f3lne Niniejszy dokument zawiera informacje dotycz\u0105ce przetwarzania Pa\u0144stwa danych osobowych przez &#8220;Tymoteusz Bendyk Sail &amp; Science&#8221;. Administratorem jest Tymoteusz Bendyk Sail &amp; Science z siedzib\u0105 w Gdyni (81-524), ul. \u015awi\u0119tope\u0142ka 45 , REGON:&nbsp;364580231, NIP: 5862265242. Administrator zbiera Pa\u0144stwa dane osobowe wy\u0142\u0105cznie dla oznaczonych, zgodnych z prawem cel\u00f3w, przetwarza je zgodnie z prawem i nie&hellip;<\/p>\n","protected":false},"author":1,"featured_media":0,"parent":0,"menu_order":0,"comment_status":"closed","ping_status":"open","template":"","meta":{"_monsterinsights_skip_tracking":false,"_monsterinsights_sitenote_active":false,"_monsterinsights_sitenote_note":"","_monsterinsights_sitenote_category":0,"_uf_show_specific_survey":0,"_uf_disable_surveys":false,"footnotes":""},"class_list":["post-3","page","type-page","status-publish","hentry"],"aioseo_notices":[],"jetpack_sharing_enabled":true,"_links":{"self":[{"href":"https:\/\/sailandscience.pl\/index.php\/wp-json\/wp\/v2\/pages\/3","targetHints":{"allow":["GET"]}}],"collection":[{"href":"https:\/\/sailandscience.pl\/index.php\/wp-json\/wp\/v2\/pages"}],"about":[{"href":"https:\/\/sailandscience.pl\/index.php\/wp-json\/wp\/v2\/types\/page"}],"author":[{"embeddable":true,"href":"https:\/\/sailandscience.pl\/index.php\/wp-json\/wp\/v2\/users\/1"}],"replies":[{"embeddable":true,"href":"https:\/\/sailandscience.pl\/index.php\/wp-json\/wp\/v2\/comments?post=3"}],"version-history":[{"count":1,"href":"https:\/\/sailandscience.pl\/index.php\/wp-json\/wp\/v2\/pages\/3\/revisions"}],"predecessor-version":[{"id":756,"href":"https:\/\/sailandscience.pl\/index.php\/wp-json\/wp\/v2\/pages\/3\/revisions\/756"}],"wp:attachment":[{"href":"https:\/\/sailandscience.pl\/index.php\/wp-json\/wp\/v2\/media?parent=3"}],"curies":[{"name":"wp","href":"https:\/\/api.w.org\/{rel}","templated":true}]}}