{"id":13,"date":"2023-11-14T08:03:28","date_gmt":"2023-11-14T08:03:28","guid":{"rendered":"https:\/\/sailandscience.pl\/?page_id=13"},"modified":"2023-12-06T14:11:11","modified_gmt":"2023-12-06T14:11:11","slug":"druk-3d","status":"publish","type":"page","link":"https:\/\/sailandscience.pl\/index.php\/druk-3d\/","title":{"rendered":"Druk 3d i produkcja"},"content":{"rendered":"<p>Od wielu lat specjalizujemy si\u0119 w wykonywaniu specjalistycznych rozwi\u0105za\u0144 w \u017ceglarstwie regatowym. Od prostych element\u00f3w mocuj\u0105cych wykonywanych w technologii druku 3D, przez specjalistyczne bloczki pracuj\u0105ce na \u0142o\u017cyskach ceramicznych (obr\u00f3bka aluminium wod\u0105, CNC, oraz anodowanie), po prace z elementami ze stali nierdzewnej. Zapraszamy do <a href=\"https:\/\/sailandscience.pl\/index.php\/kontakt\/\" title=\"Kontakt\">kontaktu<\/a> w celu om\u00f3wienia rozwi\u0105zania Twojego problemu.<\/p><figure class=\"wp-block-image size-large\"><img loading=\"lazy\" decoding=\"async\" width=\"1024\" height=\"576\" src=\"https:\/\/sailandscience.pl\/wp-content\/uploads\/2023\/12\/3-1024x576.jpg\" alt=\"\" class=\"wp-image-542\" srcset=\"https:\/\/sailandscience.pl\/wp-content\/uploads\/2023\/12\/3-1024x576.jpg 1024w, https:\/\/sailandscience.pl\/wp-content\/uploads\/2023\/12\/3-300x169.jpg 300w, https:\/\/sailandscience.pl\/wp-content\/uploads\/2023\/12\/3-768x432.jpg 768w, https:\/\/sailandscience.pl\/wp-content\/uploads\/2023\/12\/3-1536x864.jpg 1536w, https:\/\/sailandscience.pl\/wp-content\/uploads\/2023\/12\/3-2048x1152.jpg 2048w, https:\/\/sailandscience.pl\/wp-content\/uploads\/2023\/12\/3-600x338.jpg 600w\" sizes=\"auto, (max-width: 1024px) 100vw, 1024px\" \/><\/figure>","protected":false},"excerpt":{"rendered":"<p>Od wielu lat specjalizujemy si\u0119 w wykonywaniu specjalistycznych rozwi\u0105za\u0144 w \u017ceglarstwie regatowym. Od prostych element\u00f3w mocuj\u0105cych wykonywanych w technologii druku 3D, przez specjalistyczne bloczki pracuj\u0105ce na \u0142o\u017cyskach ceramicznych (obr\u00f3bka aluminium wod\u0105, CNC, oraz anodowanie), po prace z elementami ze stali nierdzewnej. Zapraszamy do kontaktu w celu om\u00f3wienia rozwi\u0105zania Twojego problemu.<\/p>\n","protected":false},"author":1,"featured_media":0,"parent":0,"menu_order":0,"comment_status":"closed","ping_status":"closed","template":"","meta":{"_monsterinsights_skip_tracking":false,"_monsterinsights_sitenote_active":false,"_monsterinsights_sitenote_note":"","_monsterinsights_sitenote_category":0,"_uf_show_specific_survey":0,"_uf_disable_surveys":false,"footnotes":""},"class_list":["post-13","page","type-page","status-publish","hentry"],"aioseo_notices":[],"jetpack_sharing_enabled":true,"_links":{"self":[{"href":"https:\/\/sailandscience.pl\/index.php\/wp-json\/wp\/v2\/pages\/13","targetHints":{"allow":["GET"]}}],"collection":[{"href":"https:\/\/sailandscience.pl\/index.php\/wp-json\/wp\/v2\/pages"}],"about":[{"href":"https:\/\/sailandscience.pl\/index.php\/wp-json\/wp\/v2\/types\/page"}],"author":[{"embeddable":true,"href":"https:\/\/sailandscience.pl\/index.php\/wp-json\/wp\/v2\/users\/1"}],"replies":[{"embeddable":true,"href":"https:\/\/sailandscience.pl\/index.php\/wp-json\/wp\/v2\/comments?post=13"}],"version-history":[{"count":4,"href":"https:\/\/sailandscience.pl\/index.php\/wp-json\/wp\/v2\/pages\/13\/revisions"}],"predecessor-version":[{"id":545,"href":"https:\/\/sailandscience.pl\/index.php\/wp-json\/wp\/v2\/pages\/13\/revisions\/545"}],"wp:attachment":[{"href":"https:\/\/sailandscience.pl\/index.php\/wp-json\/wp\/v2\/media?parent=13"}],"curies":[{"name":"wp","href":"https:\/\/api.w.org\/{rel}","templated":true}]}}